{"id":115549,"date":"2024-11-20T14:13:37","date_gmt":"2024-11-20T13:13:37","guid":{"rendered":"https:\/\/secureus.se\/?post_type=product&#038;p=115549"},"modified":"2026-01-12T12:51:38","modified_gmt":"2026-01-12T11:51:38","slug":"namnskylt-a6-halsband-duo","status":"publish","type":"product","link":"https:\/\/secureus.se\/dk\/namnskylt-a6-halsband-duo\/","title":{"rendered":"Navneskilt A6, halsk\u00e6de duo"},"content":{"rendered":"<p>For deltagere til konferencer, events og kick-offs er det praktisk at have et eventskilt, der kan bruges som navneskilt, men ogs\u00e5 til programpunkter og anden information. Dette er en A6-polypropylenlomme med visitkortlomme p\u00e5 bagsiden, komplet med 2 cm bred tekstilkrave med sikkerheds\u00e5bning og to karabinhager. Dobbelt karabinhager sikrer, at skiltet altid h\u00e6nger lige, s\u00e5 deltagerne ser hinandens navne. Halsk\u00e6den er 100 cm inklusiv krogene og tekstilb\u00e5ndet alene er 88 cm. Der medf\u00f8lger hvide etiketter i en strimmel. Etiketter p\u00e5 A4-ark til print i printere kan bestilles separat. Brug det gratis program DURAPRINT\u00ae, som er tilg\u00e6ngeligt p\u00e5 www.duraprint.se til at skabe og udskrive stilfulde navnelabels.<br \/>\nTilbeh\u00f8r:<br \/>\nBadgemaker\u00ae-etiketter p\u00e5 A4-ark til udskrivning i printer, varenr<\/p>","protected":false},"excerpt":{"rendered":"<p>Navneskilt til arrangementer med A6-lomme med plads til f.eks. Komplet med tekstil halsk\u00e6de. <\/p>","protected":false},"featured_media":133779,"template":"","meta":{"_acf_changed":false},"product_brand":[],"product_cat":[4283],"product_tag":[4381],"class_list":{"0":"post-115549","1":"product","2":"type-product","3":"status-publish","4":"has-post-thumbnail","6":"product_cat-namnskyltar-med-nyckelband","7":"product_tag-svart","8":"product_shipping_class-tunga-paket","9":"pa_brands-durable","10":"pa_farg-svart","11":"tm-no-options","13":"first","14":"instock","15":"sale","16":"taxable","17":"shipping-taxable","18":"purchasable","19":"product-type-simple"},"acf":[],"_links":{"self":[{"href":"https:\/\/secureus.se\/dk\/wp-json\/wp\/v2\/product\/115549","targetHints":{"allow":["GET"]}}],"collection":[{"href":"https:\/\/secureus.se\/dk\/wp-json\/wp\/v2\/product"}],"about":[{"href":"https:\/\/secureus.se\/dk\/wp-json\/wp\/v2\/types\/product"}],"wp:featuredmedia":[{"embeddable":true,"href":"https:\/\/secureus.se\/dk\/wp-json\/wp\/v2\/media\/133779"}],"wp:attachment":[{"href":"https:\/\/secureus.se\/dk\/wp-json\/wp\/v2\/media?parent=115549"}],"wp:term":[{"taxonomy":"product_brand","embeddable":true,"href":"https:\/\/secureus.se\/dk\/wp-json\/wp\/v2\/product_brand?post=115549"},{"taxonomy":"product_cat","embeddable":true,"href":"https:\/\/secureus.se\/dk\/wp-json\/wp\/v2\/product_cat?post=115549"},{"taxonomy":"product_tag","embeddable":true,"href":"https:\/\/secureus.se\/dk\/wp-json\/wp\/v2\/product_tag?post=115549"}],"curies":[{"name":"wp","href":"https:\/\/api.w.org\/{rel}","templated":true}]}}