{"id":115560,"date":"2024-11-20T14:13:38","date_gmt":"2024-11-20T13:13:38","guid":{"rendered":"https:\/\/secureus.se\/?post_type=product&#038;p=115560"},"modified":"2026-01-12T12:50:54","modified_gmt":"2026-01-12T11:50:54","slug":"namnskylt-badgefix-46x105-sjalvhaftande","status":"publish","type":"product","link":"https:\/\/secureus.se\/dk\/namnskylt-badgefix-46x105-sjalvhaftande\/","title":{"rendered":"Navneskilt BADGEFIX 46\u00d7105, selvkl\u00e6bende"},"content":{"rendered":"<p>Konferencedeltagere, bes\u00f8gende p\u00e5 virksomheder, personale p\u00e5 messer, i butikker, servicefag og s\u00e6lgere - listen kan udvides, hvor der er behov for navneskilte i forskellige st\u00f8rrelser, udformninger og fastg\u00f8relsesmuligheder. Dette selvkl\u00e6bende navneskilt lavet af acetatsilke i formatet 46\u00d7105 mm er ekstra bredt med god plads til navn og logo. G\u00f8r det lettere for folk at holde afstand, da l\u00e6sbarheden er god selv p\u00e5 afstand. Brug det gratis program DURAPRINT\u00ae, som er tilg\u00e6ngeligt p\u00e5 www.duraprint.se til at skabe og udskrive stilfulde navnelabels. Anbefales ikke p\u00e5 silke, ruskind, l\u00e6der og andre f\u00f8lsomme materialer. 20 ark = 240 navneskilte i en pakke.<\/p>","protected":false},"excerpt":{"rendered":"<p>Selvkl\u00e6bende navneskilt lavet af acetatsilke 46\u00d7105 mm p\u00e5 printbare A4-ark. Ekstra bred for god l\u00e6sbarhed p\u00e5 lang afstand.<\/p>","protected":false},"featured_media":133702,"template":"","meta":{"_acf_changed":false},"product_brand":[],"product_cat":[4275,4274],"product_tag":[4396],"class_list":{"0":"post-115560","1":"product","2":"type-product","3":"status-publish","4":"has-post-thumbnail","6":"product_cat-namnskyltar-kompletta-set","7":"product_cat-namnskyltar-sjalvhaftande","8":"product_tag-vit","9":"product_shipping_class-tunga-paket","10":"pa_brands-durable","11":"pa_farg-vit","12":"tm-no-options","14":"first","15":"instock","16":"sale","17":"taxable","18":"shipping-taxable","19":"purchasable","20":"product-type-simple"},"acf":[],"_links":{"self":[{"href":"https:\/\/secureus.se\/dk\/wp-json\/wp\/v2\/product\/115560","targetHints":{"allow":["GET"]}}],"collection":[{"href":"https:\/\/secureus.se\/dk\/wp-json\/wp\/v2\/product"}],"about":[{"href":"https:\/\/secureus.se\/dk\/wp-json\/wp\/v2\/types\/product"}],"wp:featuredmedia":[{"embeddable":true,"href":"https:\/\/secureus.se\/dk\/wp-json\/wp\/v2\/media\/133702"}],"wp:attachment":[{"href":"https:\/\/secureus.se\/dk\/wp-json\/wp\/v2\/media?parent=115560"}],"wp:term":[{"taxonomy":"product_brand","embeddable":true,"href":"https:\/\/secureus.se\/dk\/wp-json\/wp\/v2\/product_brand?post=115560"},{"taxonomy":"product_cat","embeddable":true,"href":"https:\/\/secureus.se\/dk\/wp-json\/wp\/v2\/product_cat?post=115560"},{"taxonomy":"product_tag","embeddable":true,"href":"https:\/\/secureus.se\/dk\/wp-json\/wp\/v2\/product_tag?post=115560"}],"curies":[{"name":"wp","href":"https:\/\/api.w.org\/{rel}","templated":true}]}}