{"id":115567,"date":"2024-12-07T15:21:15","date_gmt":"2024-12-07T14:21:15","guid":{"rendered":"https:\/\/secureus.se\/?post_type=product&#038;p=115567"},"modified":"2026-01-12T12:29:44","modified_gmt":"2026-01-12T11:29:44","slug":"plastficka-vattentalig-a3-magnetisk","status":"publish","type":"product","link":"https:\/\/secureus.se\/dk\/plastficka-vattentalig-a3-magnetisk\/","title":{"rendered":"Plastlomme vandt\u00e6t A3 magnetisk"},"content":{"rendered":"<p>Vandafvisende og vandt\u00e6tte, vejr- og ridsefaste, UV-bestandige og ikke-reflekterende plastlommer til dobbeltsidet information i milj\u00f8er udsat for regn, fugt, st\u00e6nk og snavs fx poolomr\u00e5der, saunafaciliteter, g\u00f8r-det-selv haller og havebutikker . Vaskbar og kan desinficeres. Skiltet\/informationen kan laves ved hj\u00e6lp af skabeloner, der findes i det gratis program duraprint. Plastlommerne kan bruges i st\u00e5ende eller liggende format, 2 160g\/m2 A3 ark medf\u00f8lger. To magnetstrimler p\u00e5 bagsiden af lommen g\u00f8r, at de kan kl\u00e6be til magnetiske glatte overflader. 5 stk i en pose. <\/p>","protected":false},"excerpt":{"rendered":"<p>Vandt\u00e6t plastiklomme til information udend\u00f8rs og i fugtige indend\u00f8rs milj\u00f8er. H\u00e6fter til magnetiske overflader.<\/p>","protected":false},"featured_media":135485,"template":"","meta":{"_acf_changed":false},"product_brand":[],"product_cat":[4306],"product_tag":[4376],"class_list":{"0":"post-115567","1":"product","2":"type-product","3":"status-publish","4":"has-post-thumbnail","6":"product_cat-markning-pallstall","7":"product_tag-transparent","8":"product_shipping_class-tunga-paket","9":"pa_brands-durable","10":"pa_farg-transparent","11":"tm-no-options","13":"first","14":"instock","15":"sale","16":"taxable","17":"shipping-taxable","18":"purchasable","19":"product-type-simple"},"acf":[],"_links":{"self":[{"href":"https:\/\/secureus.se\/dk\/wp-json\/wp\/v2\/product\/115567","targetHints":{"allow":["GET"]}}],"collection":[{"href":"https:\/\/secureus.se\/dk\/wp-json\/wp\/v2\/product"}],"about":[{"href":"https:\/\/secureus.se\/dk\/wp-json\/wp\/v2\/types\/product"}],"wp:featuredmedia":[{"embeddable":true,"href":"https:\/\/secureus.se\/dk\/wp-json\/wp\/v2\/media\/135485"}],"wp:attachment":[{"href":"https:\/\/secureus.se\/dk\/wp-json\/wp\/v2\/media?parent=115567"}],"wp:term":[{"taxonomy":"product_brand","embeddable":true,"href":"https:\/\/secureus.se\/dk\/wp-json\/wp\/v2\/product_brand?post=115567"},{"taxonomy":"product_cat","embeddable":true,"href":"https:\/\/secureus.se\/dk\/wp-json\/wp\/v2\/product_cat?post=115567"},{"taxonomy":"product_tag","embeddable":true,"href":"https:\/\/secureus.se\/dk\/wp-json\/wp\/v2\/product_tag?post=115567"}],"curies":[{"name":"wp","href":"https:\/\/api.w.org\/{rel}","templated":true}]}}