{"id":115607,"date":"2024-11-20T14:14:36","date_gmt":"2024-11-20T13:14:36","guid":{"rendered":"https:\/\/secureus.se\/?post_type=product&#038;p=115607"},"modified":"2026-01-12T12:51:52","modified_gmt":"2026-01-12T11:51:52","slug":"namnskylt-set-40x105-nal-klamma-a4-etikettark","status":"publish","type":"product","link":"https:\/\/secureus.se\/dk\/namnskylt-set-40x105-nal-klamma-a4-etikettark\/","title":{"rendered":"Navneskilt S\u00c6T 40\u00d7105, pin\/clips + A4 etiketark"},"content":{"rendered":"<p>Konferencedeltagere, bes\u00f8gende p\u00e5 virksomheder, personale p\u00e5 messer, i butikker, servicefag og s\u00e6lgere - listen kan udvides, hvor der er behov for navneskilte i forskellige st\u00f8rrelser, udformninger og fastg\u00f8relsesmuligheder. Komplet s\u00e6t med ekstra bred navneskilt 40\u00d7105 mm som har god plads til navn og logo G\u00f8r det nemmere for folk at holde afstand da l\u00e6sbarheden er god selv p\u00e5 afstand. Kombinationsklemmen giver dig mulighed for, hvordan skiltet skal fastg\u00f8res. Der medf\u00f8lger 3 A4 ark med hvide labels til print i laser, inkjet printer eller kopimaskine. Brug det gratis program DURAPRINT\u00ae, som er tilg\u00e6ngeligt p\u00e5 www.duraprint.se til at skabe og udskrive stilfulde navnelabels.<\/p>","protected":false},"excerpt":{"rendered":"<p>Komplet s\u00e6t A4 etiketark til printerudskrivning. 14 navneskilte, der kan fastg\u00f8res med en sikkerhedsn\u00e5l eller clips. Ekstra bred for god l\u00e6sbarhed p\u00e5 lang afstand. <\/p>","protected":false},"featured_media":133559,"template":"","meta":{"_acf_changed":false},"product_brand":[],"product_cat":[4275],"product_tag":[],"class_list":{"0":"post-115607","1":"product","2":"type-product","3":"status-publish","4":"has-post-thumbnail","6":"product_cat-namnskyltar-kompletta-set","7":"product_shipping_class-tunga-paket","8":"pa_brands-durable","9":"tm-no-options","11":"first","12":"instock","13":"sale","14":"taxable","15":"shipping-taxable","16":"purchasable","17":"product-type-simple"},"acf":[],"_links":{"self":[{"href":"https:\/\/secureus.se\/dk\/wp-json\/wp\/v2\/product\/115607","targetHints":{"allow":["GET"]}}],"collection":[{"href":"https:\/\/secureus.se\/dk\/wp-json\/wp\/v2\/product"}],"about":[{"href":"https:\/\/secureus.se\/dk\/wp-json\/wp\/v2\/types\/product"}],"wp:featuredmedia":[{"embeddable":true,"href":"https:\/\/secureus.se\/dk\/wp-json\/wp\/v2\/media\/133559"}],"wp:attachment":[{"href":"https:\/\/secureus.se\/dk\/wp-json\/wp\/v2\/media?parent=115607"}],"wp:term":[{"taxonomy":"product_brand","embeddable":true,"href":"https:\/\/secureus.se\/dk\/wp-json\/wp\/v2\/product_brand?post=115607"},{"taxonomy":"product_cat","embeddable":true,"href":"https:\/\/secureus.se\/dk\/wp-json\/wp\/v2\/product_cat?post=115607"},{"taxonomy":"product_tag","embeddable":true,"href":"https:\/\/secureus.se\/dk\/wp-json\/wp\/v2\/product_tag?post=115607"}],"curies":[{"name":"wp","href":"https:\/\/api.w.org\/{rel}","templated":true}]}}