{"id":115609,"date":"2024-11-20T14:17:33","date_gmt":"2024-11-20T13:17:33","guid":{"rendered":"https:\/\/secureus.se\/?post_type=product&#038;p=115609"},"modified":"2026-01-12T12:46:22","modified_gmt":"2026-01-12T11:46:22","slug":"scanfix-30-5-pack","status":"publish","type":"product","link":"https:\/\/secureus.se\/dk\/scanfix-30-5-pack\/","title":{"rendered":"SCANFIX\u00ae 30 5-pak"},"content":{"rendered":"<p>Selvkl\u00e6bende etiketholder SCANFIX\u00ae til m\u00e6rkning og scanning af f.eks. priser og stregkoder p\u00e5 hyldekanter, pallereoler og opbevaringskasser. Der medf\u00f8lger hvide labels og holderen kan klippes til i den \u00f8nskede l\u00e6ngde. \u00c5bn i toppen og p\u00e5 siden, hvilket g\u00f8r dem velegnede til etiketter, der skal skiftes ofte. Gratis skabeloner til at designe og printe stilfulde etiketter er tilg\u00e6ngelige p\u00e5 www.duraprint.se. Dimensioner: 200 x 30 mm (BxH)<br \/>\nTilbeh\u00f8r:<br \/>\nEkstra etiketter p\u00e5 A5-ark til udskrivning i printer, varenr 804102<\/p>","protected":false},"excerpt":{"rendered":"<p>Selvkl\u00e6bende, scanbar etiketholder til m\u00e6rkning af f.eks. hyldekanter. \u00c5ben i toppen og i siden. Skriveh\u00f8jde 3 cm, l\u00e6ngde 20 cm.<\/p>","protected":false},"featured_media":133550,"template":"","meta":{"_acf_changed":false},"product_brand":[],"product_cat":[4312],"product_tag":[4376],"class_list":{"0":"post-115609","1":"product","2":"type-product","3":"status-publish","4":"has-post-thumbnail","6":"product_cat-etikettremsor-skanningsbara","7":"product_tag-transparent","8":"product_shipping_class-tunga-paket","9":"pa_brands-durable","10":"pa_farg-transparent","11":"tm-no-options","13":"first","14":"instock","15":"sale","16":"taxable","17":"shipping-taxable","18":"purchasable","19":"product-type-simple"},"acf":[],"_links":{"self":[{"href":"https:\/\/secureus.se\/dk\/wp-json\/wp\/v2\/product\/115609","targetHints":{"allow":["GET"]}}],"collection":[{"href":"https:\/\/secureus.se\/dk\/wp-json\/wp\/v2\/product"}],"about":[{"href":"https:\/\/secureus.se\/dk\/wp-json\/wp\/v2\/types\/product"}],"wp:featuredmedia":[{"embeddable":true,"href":"https:\/\/secureus.se\/dk\/wp-json\/wp\/v2\/media\/133550"}],"wp:attachment":[{"href":"https:\/\/secureus.se\/dk\/wp-json\/wp\/v2\/media?parent=115609"}],"wp:term":[{"taxonomy":"product_brand","embeddable":true,"href":"https:\/\/secureus.se\/dk\/wp-json\/wp\/v2\/product_brand?post=115609"},{"taxonomy":"product_cat","embeddable":true,"href":"https:\/\/secureus.se\/dk\/wp-json\/wp\/v2\/product_cat?post=115609"},{"taxonomy":"product_tag","embeddable":true,"href":"https:\/\/secureus.se\/dk\/wp-json\/wp\/v2\/product_tag?post=115609"}],"curies":[{"name":"wp","href":"https:\/\/api.w.org\/{rel}","templated":true}]}}