{"id":115619,"date":"2024-11-20T14:41:22","date_gmt":"2024-11-20T13:41:22","guid":{"rendered":"https:\/\/secureus.se\/?post_type=product&#038;p=115619"},"modified":"2026-01-12T12:29:02","modified_gmt":"2026-01-12T11:29:02","slug":"magnetram-duraframe-magnetic-note-a4","status":"publish","type":"product","link":"https:\/\/secureus.se\/dk\/magnetram-duraframe-magnetic-note-a4\/","title":{"rendered":"Magnetisk ramme DURAFRAME\u00ae MAGNETISK BEM\u00c6RK A4"},"content":{"rendered":"<p>Brug den magnetisk kl\u00e6bende informationsramme DURAFRAME\u00ae MAGNETIC NOTE til f.eks. tjeklister, hvor der skal noteres direkte p\u00e5 papiret.<br \/>\nNemt at inds\u00e6tte eller \u00e6ndre beskeder ved at l\u00f8fte fronten med magnetlukning p\u00e5 alle tre oplukkelige sider. Bagsiden af den nederste plastplade har magnetstrimler rundt om hele rammen til placering p\u00e5 fx whiteboards, skabe og metalv\u00e6gge.<br \/>\nHolder op til 5 80 gr A4-ark s\u00e5som reng\u00f8ringsskemaer, registreringslister eller vedligeholdelsestjek, hvor du skal notere direkte p\u00e5 arket. Penneholder p\u00e5 den ene side.<br \/>\nEmballage med 1 stk.<\/p>","protected":false},"excerpt":{"rendered":"<p>Magnetisk ramme til noter direkte p\u00e5 papiret. Til brug p\u00e5 metaloverflader.<\/p>","protected":false},"featured_media":133109,"template":"","meta":{"_acf_changed":false},"product_brand":[],"product_cat":[4295],"product_tag":[4382],"class_list":{"0":"post-115619","1":"product","2":"type-product","3":"status-publish","4":"has-post-thumbnail","6":"product_cat-inforamar-for-metallytor","7":"product_tag-silver","8":"product_shipping_class-tunga-paket","9":"pa_brands-durable","10":"pa_farg-silver","11":"tm-no-options","13":"first","14":"instock","15":"sale","16":"taxable","17":"shipping-taxable","18":"purchasable","19":"product-type-simple"},"acf":[],"_links":{"self":[{"href":"https:\/\/secureus.se\/dk\/wp-json\/wp\/v2\/product\/115619","targetHints":{"allow":["GET"]}}],"collection":[{"href":"https:\/\/secureus.se\/dk\/wp-json\/wp\/v2\/product"}],"about":[{"href":"https:\/\/secureus.se\/dk\/wp-json\/wp\/v2\/types\/product"}],"wp:featuredmedia":[{"embeddable":true,"href":"https:\/\/secureus.se\/dk\/wp-json\/wp\/v2\/media\/133109"}],"wp:attachment":[{"href":"https:\/\/secureus.se\/dk\/wp-json\/wp\/v2\/media?parent=115619"}],"wp:term":[{"taxonomy":"product_brand","embeddable":true,"href":"https:\/\/secureus.se\/dk\/wp-json\/wp\/v2\/product_brand?post=115619"},{"taxonomy":"product_cat","embeddable":true,"href":"https:\/\/secureus.se\/dk\/wp-json\/wp\/v2\/product_cat?post=115619"},{"taxonomy":"product_tag","embeddable":true,"href":"https:\/\/secureus.se\/dk\/wp-json\/wp\/v2\/product_tag?post=115619"}],"curies":[{"name":"wp","href":"https:\/\/api.w.org\/{rel}","templated":true}]}}