{"id":115631,"date":"2024-11-20T14:41:22","date_gmt":"2024-11-20T13:41:22","guid":{"rendered":"https:\/\/secureus.se\/?post_type=product&#038;p=115631"},"modified":"2026-01-12T12:28:38","modified_gmt":"2026-01-12T11:28:38","slug":"magnetram-duraframe-magnetic-plus-a4","status":"publish","type":"product","link":"https:\/\/secureus.se\/dk\/magnetram-duraframe-magnetic-plus-a4\/","title":{"rendered":"Magnetisk ramme DURAFRAME\u00ae MAGNETIC PLUS A4"},"content":{"rendered":"<p>Brug DURAFRAME\u00ae MAGNETIC PLUS magnetisk kl\u00e6bende inforamme til at vise og pr\u00e6sentere midlertidig eller mere permanent information p\u00e5 en professionel m\u00e5de.<br \/>\nDokumentet er beskyttet mellem to plastikark, der holdes sammen med magnetlukning langs alle tre oplukkelige sider. God i blandt andet produktions-, k\u00f8kken- og sanit\u00e6re milj\u00f8er. Let at \u00e6ndre information - l\u00f8ft forsiden, skift indl\u00e6g, fold siden ned igen. Bagsiden af den nederste plastplade har magnetstrimler rundt om hele rammen, som fastg\u00f8res til underlaget s\u00e5som whiteboards, pusleskabe og metalv\u00e6gge.<br \/>\nTil dokumenter i A4-format. Yderm\u00e5l 236\u00d7323 mm.<br \/>\nEmballage med 1 stk.<\/p>","protected":false},"excerpt":{"rendered":"<p>Magnetisk ramme til at vise information p\u00e6nt. Dokumentet er beskyttet mellem to plastikark og er nemt at udskifte her.<\/p>","protected":false},"featured_media":133094,"template":"","meta":{"_acf_changed":false},"product_brand":[],"product_cat":[4295],"product_tag":[4381],"class_list":{"0":"post-115631","1":"product","2":"type-product","3":"status-publish","4":"has-post-thumbnail","6":"product_cat-inforamar-for-metallytor","7":"product_tag-svart","8":"product_shipping_class-tunga-paket","9":"pa_brands-durable","10":"pa_farg-svart","11":"tm-no-options","13":"first","14":"instock","15":"sale","16":"taxable","17":"shipping-taxable","18":"purchasable","19":"product-type-simple"},"acf":[],"_links":{"self":[{"href":"https:\/\/secureus.se\/dk\/wp-json\/wp\/v2\/product\/115631","targetHints":{"allow":["GET"]}}],"collection":[{"href":"https:\/\/secureus.se\/dk\/wp-json\/wp\/v2\/product"}],"about":[{"href":"https:\/\/secureus.se\/dk\/wp-json\/wp\/v2\/types\/product"}],"wp:featuredmedia":[{"embeddable":true,"href":"https:\/\/secureus.se\/dk\/wp-json\/wp\/v2\/media\/133094"}],"wp:attachment":[{"href":"https:\/\/secureus.se\/dk\/wp-json\/wp\/v2\/media?parent=115631"}],"wp:term":[{"taxonomy":"product_brand","embeddable":true,"href":"https:\/\/secureus.se\/dk\/wp-json\/wp\/v2\/product_brand?post=115631"},{"taxonomy":"product_cat","embeddable":true,"href":"https:\/\/secureus.se\/dk\/wp-json\/wp\/v2\/product_cat?post=115631"},{"taxonomy":"product_tag","embeddable":true,"href":"https:\/\/secureus.se\/dk\/wp-json\/wp\/v2\/product_tag?post=115631"}],"curies":[{"name":"wp","href":"https:\/\/api.w.org\/{rel}","templated":true}]}}