{"id":115644,"date":"2024-11-20T14:41:22","date_gmt":"2024-11-20T13:41:22","guid":{"rendered":"https:\/\/secureus.se\/?post_type=product&#038;p=115644"},"modified":"2026-01-12T12:57:41","modified_gmt":"2026-01-12T11:57:41","slug":"magnetram-duraframe-magnetic-security-a4-3","status":"publish","type":"product","link":"https:\/\/secureus.se\/dk\/magnetram-duraframe-magnetic-security-a4-3\/","title":{"rendered":"Magnetisk ramme DURAFRAME\u00ae MAGNETIC SECURITY A4"},"content":{"rendered":"<p>Brug DURAFRAME\u00ae MAGNETIC SECURITY magnetisk kl\u00e6bende inforamme til at vise midlertidig eller mere permanent sikkerheds- og advarselsinformation p\u00e5 en professionel, hurtig og nem m\u00e5de. Placer beskyttelsesarket med magnet rundt om hele kanten af rammen over dokumentet og monter p\u00e5 f.eks. whiteboards, pusleskabe og metalv\u00e6gge. Klar! P\u00e6n og lettere h\u00e5ndtering end f.eks.<br \/>\nTil dokumenter i A4-format. Kan bruges i st\u00e5ende eller liggende format. Yderm\u00e5l 236\u00d7323 mm. Farverne gul\/sort signalerer forskellige typer farer og risici i henhold til ISO 3864-4 for sikkerhedsfarver.<br \/>\nEmballage med 5 stk.<\/p>","protected":false},"excerpt":{"rendered":"<p>Magnetisk ramme i advarselsfarver for at vise vigtige sikkerhedsoplysninger, meddelelser og advarsler p\u00e5 en p\u00e6n m\u00e5de.<\/p>","protected":false},"featured_media":133245,"template":"","meta":{"_acf_changed":false},"product_brand":[],"product_cat":[4295],"product_tag":[4386],"class_list":{"0":"post-115644","1":"product","2":"type-product","3":"status-publish","4":"has-post-thumbnail","6":"product_cat-inforamar-for-metallytor","7":"product_tag-gul-svart","8":"product_shipping_class-tunga-paket","9":"pa_brands-durable","10":"pa_farg-gul-svart","11":"tm-no-options","13":"first","14":"instock","15":"sale","16":"taxable","17":"shipping-taxable","18":"purchasable","19":"product-type-simple"},"acf":[],"_links":{"self":[{"href":"https:\/\/secureus.se\/dk\/wp-json\/wp\/v2\/product\/115644","targetHints":{"allow":["GET"]}}],"collection":[{"href":"https:\/\/secureus.se\/dk\/wp-json\/wp\/v2\/product"}],"about":[{"href":"https:\/\/secureus.se\/dk\/wp-json\/wp\/v2\/types\/product"}],"wp:featuredmedia":[{"embeddable":true,"href":"https:\/\/secureus.se\/dk\/wp-json\/wp\/v2\/media\/133245"}],"wp:attachment":[{"href":"https:\/\/secureus.se\/dk\/wp-json\/wp\/v2\/media?parent=115644"}],"wp:term":[{"taxonomy":"product_brand","embeddable":true,"href":"https:\/\/secureus.se\/dk\/wp-json\/wp\/v2\/product_brand?post=115644"},{"taxonomy":"product_cat","embeddable":true,"href":"https:\/\/secureus.se\/dk\/wp-json\/wp\/v2\/product_cat?post=115644"},{"taxonomy":"product_tag","embeddable":true,"href":"https:\/\/secureus.se\/dk\/wp-json\/wp\/v2\/product_tag?post=115644"}],"curies":[{"name":"wp","href":"https:\/\/api.w.org\/{rel}","templated":true}]}}