{"id":115647,"date":"2024-11-20T14:14:57","date_gmt":"2024-11-20T13:14:57","guid":{"rendered":"https:\/\/secureus.se\/?post_type=product&#038;p=115647"},"modified":"2026-01-12T12:03:56","modified_gmt":"2026-01-12T11:03:56","slug":"pallfotsficka-145-x-75-mm","status":"publish","type":"product","link":"https:\/\/secureus.se\/dk\/pallfotsficka-145-x-75-mm\/","title":{"rendered":"Fodlomme 145 x 75 mm"},"content":{"rendered":"<p>Tydelig og omfattende m\u00e6rkning af paller forbedrer og effektiviserer arbejdsprocessen p\u00e5 lagre og i produktionsfaciliteter. Disse plastlommer lavet af slidst\u00e6rkt polypropylen kan l\u00e6ses med en scanner og beskytter de udskiftelige indsatser mod snavs og slid, samtidig med at det er nemt at identificere pallerne. Banneret placeres rundt om pallens fod og lukkes med en velcrolukning. Lommer med tommelfingergreb p\u00e5 alle fire sider g\u00f8r det nemt at fjerne og udskifte etiketten. En gratis skabelon til etiketten er tilg\u00e6ngelig p\u00e5 www.duraprint.se<br \/>\nIndvendige m\u00e5l: 140 x 65\/90 x 65 (BxH)<br \/>\nYdre m\u00e5l: 596 x 75 x 0,8 mm (BxHxD)<br \/>\nTilbeh\u00f8r: Etiketter p\u00e5 A4-ark, art. nr. 101002<\/p>","protected":false},"excerpt":{"rendered":"<p>Pallefodslomme til markering af paller. Fastg\u00f8res rundt om pallens fod med velcrolukning.<\/p>","protected":false},"featured_media":133551,"template":"","meta":{"_acf_changed":false},"product_brand":[],"product_cat":[4306],"product_tag":[4395],"class_list":{"0":"post-115647","1":"product","2":"type-product","3":"status-publish","4":"has-post-thumbnail","6":"product_cat-markning-pallstall","7":"product_tag-gul","8":"product_shipping_class-tunga-paket","9":"pa_brands-durable","10":"pa_farg-gul","11":"tm-no-options","13":"first","14":"instock","15":"sale","16":"taxable","17":"shipping-taxable","18":"purchasable","19":"product-type-simple"},"acf":[],"_links":{"self":[{"href":"https:\/\/secureus.se\/dk\/wp-json\/wp\/v2\/product\/115647","targetHints":{"allow":["GET"]}}],"collection":[{"href":"https:\/\/secureus.se\/dk\/wp-json\/wp\/v2\/product"}],"about":[{"href":"https:\/\/secureus.se\/dk\/wp-json\/wp\/v2\/types\/product"}],"wp:featuredmedia":[{"embeddable":true,"href":"https:\/\/secureus.se\/dk\/wp-json\/wp\/v2\/media\/133551"}],"wp:attachment":[{"href":"https:\/\/secureus.se\/dk\/wp-json\/wp\/v2\/media?parent=115647"}],"wp:term":[{"taxonomy":"product_brand","embeddable":true,"href":"https:\/\/secureus.se\/dk\/wp-json\/wp\/v2\/product_brand?post=115647"},{"taxonomy":"product_cat","embeddable":true,"href":"https:\/\/secureus.se\/dk\/wp-json\/wp\/v2\/product_cat?post=115647"},{"taxonomy":"product_tag","embeddable":true,"href":"https:\/\/secureus.se\/dk\/wp-json\/wp\/v2\/product_tag?post=115647"}],"curies":[{"name":"wp","href":"https:\/\/api.w.org\/{rel}","templated":true}]}}