{"id":115683,"date":"2024-11-20T13:58:05","date_gmt":"2024-11-20T12:58:05","guid":{"rendered":"https:\/\/secureus.se\/?post_type=product&#038;p=115683"},"modified":"2026-01-12T12:29:05","modified_gmt":"2026-01-12T11:29:05","slug":"inforam-sjalvhaftande-duraframe-note-a4","status":"publish","type":"product","link":"https:\/\/secureus.se\/dk\/inforam-sjalvhaftande-duraframe-note-a4\/","title":{"rendered":"Inforamme selvkl\u00e6bende DURAFRAME\u00ae BEM\u00c6RK A4"},"content":{"rendered":"<p>Brug den selvkl\u00e6bende DURAFRAME\u00ae NOTE inforamme til f.eks. tjeklister, reng\u00f8ringsskemaer, registreringslister eller vedligeholdelsestjek, hvor der skal noteres direkte p\u00e5 papiret. Hurtig og nem h\u00e5ndtering: Fjern beskyttelsespapiret - s\u00e6t Duraframe fast - l\u00f8ft fronten med magnetlukningen - inds\u00e6t op til 5 80 gr A4 ark - fold fronten ned - f\u00e6rdig! Nem at s\u00e6tte op \u2013 uden v\u00e6rkt\u00f8j eller andet tilbeh\u00f8r \u2013 p\u00e5 faste og glatte overflader. P\u00e6n og lettere h\u00e5ndtering end for eksempel tape, h\u00e6fteklammer eller h\u00e6fteklammer. Indsatsen forbliver sikkert p\u00e5 plads takket v\u00e6re magneter p\u00e5 alle 3 \u00e5bne sider. Penholder p\u00e5 den ene side. Rammen ser ens ud p\u00e5 for- og bagside og placeres den p\u00e5 glas kan informationen l\u00e6ses fra to sider. Rammen kan tages af glasruder. Malede, coatede eller laminerede overflader kan blive beskadiget, hvis rammen fjernes. Til dokumenter i A4-format.<br \/>\nEmballage med 1 stk.<\/p>","protected":false},"excerpt":{"rendered":"<p>Nem at bruge, selvkl\u00e6bende inforamme til noter direkte p\u00e5 papir. Front med magnetlukning for nem udskiftning af indsatser. <\/p>","protected":false},"featured_media":135012,"template":"","meta":{"_acf_changed":false},"product_brand":[],"product_cat":[4296],"product_tag":[4381],"class_list":{"0":"post-115683","1":"product","2":"type-product","3":"status-publish","4":"has-post-thumbnail","6":"product_cat-inforamar-for-slata-ytor","7":"product_tag-svart","8":"product_shipping_class-tunga-paket","9":"pa_brands-durable","10":"pa_farg-svart","11":"tm-no-options","13":"first","14":"instock","15":"sale","16":"taxable","17":"shipping-taxable","18":"purchasable","19":"product-type-simple"},"acf":[],"_links":{"self":[{"href":"https:\/\/secureus.se\/dk\/wp-json\/wp\/v2\/product\/115683","targetHints":{"allow":["GET"]}}],"collection":[{"href":"https:\/\/secureus.se\/dk\/wp-json\/wp\/v2\/product"}],"about":[{"href":"https:\/\/secureus.se\/dk\/wp-json\/wp\/v2\/types\/product"}],"wp:featuredmedia":[{"embeddable":true,"href":"https:\/\/secureus.se\/dk\/wp-json\/wp\/v2\/media\/135012"}],"wp:attachment":[{"href":"https:\/\/secureus.se\/dk\/wp-json\/wp\/v2\/media?parent=115683"}],"wp:term":[{"taxonomy":"product_brand","embeddable":true,"href":"https:\/\/secureus.se\/dk\/wp-json\/wp\/v2\/product_brand?post=115683"},{"taxonomy":"product_cat","embeddable":true,"href":"https:\/\/secureus.se\/dk\/wp-json\/wp\/v2\/product_cat?post=115683"},{"taxonomy":"product_tag","embeddable":true,"href":"https:\/\/secureus.se\/dk\/wp-json\/wp\/v2\/product_tag?post=115683"}],"curies":[{"name":"wp","href":"https:\/\/api.w.org\/{rel}","templated":true}]}}