{"id":115697,"date":"2024-11-20T14:15:57","date_gmt":"2024-11-20T13:15:57","guid":{"rendered":"https:\/\/secureus.se\/?post_type=product&#038;p=115697"},"modified":"2026-01-12T12:04:57","modified_gmt":"2026-01-12T11:04:57","slug":"plastficka-a5l-magnetisk-2","status":"publish","type":"product","link":"https:\/\/secureus.se\/dk\/plastficka-a5l-magnetisk-2\/","title":{"rendered":"Plastlomme A5L magnetisk"},"content":{"rendered":"<p>Tydelig og omfattende m\u00e6rkning af hylder, skabe, d\u00f8re, containere og andre rum forbedrer og effektiviserer arbejdsprocessen p\u00e5 lagre og i produktionsfaciliteter. De magnetiske plastlommer lavet af slidst\u00e6rkt polypropylen kan afl\u00e6ses med en scanner og beskytter de udskiftelige indsatser mod snavs. To magnetstrimler p\u00e5 bagsiden holder lommen sikkert p\u00e5 plads. En gratis skabelon til etiketten er tilg\u00e6ngelig p\u00e5 www.duraprint.se.<br \/>\nIndvendige m\u00e5l: A5L (210\u00d7148 mm B x H)<br \/>\nUdvendige m\u00e5l: 223\u00d7163 mm (B x H)<br \/>\nTilbeh\u00f8r: Etiketter p\u00e5 A4-ark, art. nr. 485502<\/p>","protected":false},"excerpt":{"rendered":"<p>Plastlomme i A5 liggende format med to magnetstrimler p\u00e5 bagsiden. Til brug p\u00e5 metaloverflader som opbevaringshylder og metalbeholdere.<\/p>","protected":false},"featured_media":133722,"template":"","meta":{"_acf_changed":false},"product_brand":[],"product_cat":[4306],"product_tag":[4387],"class_list":{"0":"post-115697","1":"product","2":"type-product","3":"status-publish","4":"has-post-thumbnail","6":"product_cat-markning-pallstall","7":"product_tag-bla","8":"product_shipping_class-tunga-paket","9":"pa_brands-durable","10":"pa_farg-bla","11":"tm-no-options","13":"first","14":"instock","15":"sale","16":"taxable","17":"shipping-taxable","18":"purchasable","19":"product-type-simple"},"acf":[],"_links":{"self":[{"href":"https:\/\/secureus.se\/dk\/wp-json\/wp\/v2\/product\/115697","targetHints":{"allow":["GET"]}}],"collection":[{"href":"https:\/\/secureus.se\/dk\/wp-json\/wp\/v2\/product"}],"about":[{"href":"https:\/\/secureus.se\/dk\/wp-json\/wp\/v2\/types\/product"}],"wp:featuredmedia":[{"embeddable":true,"href":"https:\/\/secureus.se\/dk\/wp-json\/wp\/v2\/media\/133722"}],"wp:attachment":[{"href":"https:\/\/secureus.se\/dk\/wp-json\/wp\/v2\/media?parent=115697"}],"wp:term":[{"taxonomy":"product_brand","embeddable":true,"href":"https:\/\/secureus.se\/dk\/wp-json\/wp\/v2\/product_brand?post=115697"},{"taxonomy":"product_cat","embeddable":true,"href":"https:\/\/secureus.se\/dk\/wp-json\/wp\/v2\/product_cat?post=115697"},{"taxonomy":"product_tag","embeddable":true,"href":"https:\/\/secureus.se\/dk\/wp-json\/wp\/v2\/product_tag?post=115697"}],"curies":[{"name":"wp","href":"https:\/\/api.w.org\/{rel}","templated":true}]}}