{"id":115718,"date":"2024-11-05T17:26:16","date_gmt":"2024-11-05T16:26:16","guid":{"rendered":"https:\/\/secureus.se\/?post_type=product&#038;p=115718"},"modified":"2026-01-12T12:57:54","modified_gmt":"2026-01-12T11:57:54","slug":"sherpa-panel-a4-7","status":"publish","type":"product","link":"https:\/\/secureus.se\/dk\/sherpa-panel-a4-7\/","title":{"rendered":"SHERPA\u00ae PANEL A4"},"content":{"rendered":"<p>Refleksfri, scanbare lommer med farvet ramme til dokumenter i A4-format s\u00e5som prislister, sedler etc. som er beskyttet i lommen. Til brug i oversigtssystemer med pigge integreret i holderen. \u00c5bning \u00f8verst til \u00e6ndring af dokumenter. Fremstillet af polypropylen plast. SHERPA\u00ae PANEL er rammen, der indg\u00e5r i de komplette s\u00e6t i SHERPA\u00b0 og VARIO\u00b0 serierne fra DURABLE. Minimumsk\u00f8b er en pakke med 5 paneler (sort, r\u00f8d, gul, gr\u00f8n og bl\u00e5). 5 \u00e5rs garanti. Garantibetingelserne kan findes her: https:\/\/www.durable.se\/sv_SE\/service\/garanti\/garanti-foer-sherpa-vario\/<br \/>\nTilbeh\u00f8r: Header holder artikelnummer 560919 aller 560319<\/p>","protected":false},"excerpt":{"rendered":"<p>Plastlomme med farvet ramme. Velegnet til borde og v\u00e6gstandere, der har piggene integreret i beslaget.<\/p>","protected":false},"featured_media":135711,"template":"","meta":{"_acf_changed":false},"product_brand":[],"product_cat":[4301],"product_tag":[4396],"class_list":{"0":"post-115718","1":"product","2":"type-product","3":"status-publish","4":"has-post-thumbnail","6":"product_cat-tillbehor-till-bladderpanelsystem","7":"product_tag-vit","8":"product_shipping_class-tunga-paket","9":"pa_brands-durable","10":"pa_farg-vit","11":"tm-no-options","13":"first","14":"instock","15":"sale","16":"taxable","17":"shipping-taxable","18":"purchasable","19":"product-type-simple"},"acf":[],"_links":{"self":[{"href":"https:\/\/secureus.se\/dk\/wp-json\/wp\/v2\/product\/115718","targetHints":{"allow":["GET"]}}],"collection":[{"href":"https:\/\/secureus.se\/dk\/wp-json\/wp\/v2\/product"}],"about":[{"href":"https:\/\/secureus.se\/dk\/wp-json\/wp\/v2\/types\/product"}],"wp:featuredmedia":[{"embeddable":true,"href":"https:\/\/secureus.se\/dk\/wp-json\/wp\/v2\/media\/135711"}],"wp:attachment":[{"href":"https:\/\/secureus.se\/dk\/wp-json\/wp\/v2\/media?parent=115718"}],"wp:term":[{"taxonomy":"product_brand","embeddable":true,"href":"https:\/\/secureus.se\/dk\/wp-json\/wp\/v2\/product_brand?post=115718"},{"taxonomy":"product_cat","embeddable":true,"href":"https:\/\/secureus.se\/dk\/wp-json\/wp\/v2\/product_cat?post=115718"},{"taxonomy":"product_tag","embeddable":true,"href":"https:\/\/secureus.se\/dk\/wp-json\/wp\/v2\/product_tag?post=115718"}],"curies":[{"name":"wp","href":"https:\/\/api.w.org\/{rel}","templated":true}]}}