{"id":115747,"date":"2024-11-05T17:25:59","date_gmt":"2024-11-05T16:25:59","guid":{"rendered":"https:\/\/secureus.se\/?post_type=product&#038;p=115747"},"modified":"2026-01-12T12:37:24","modified_gmt":"2026-01-12T11:37:24","slug":"sherpa-panel-bact-o-clean-a4","status":"publish","type":"product","link":"https:\/\/secureus.se\/dk\/sherpa-panel-bact-o-clean-a4\/","title":{"rendered":"SHERPA\u00ae PANEL BACT-O-CLEAN A4"},"content":{"rendered":"<p>Polypropylen plastlommer, der har et tils\u00e6tningsstof, der forhindrer v\u00e6kst af mikroorganismer. SHERPA\u00ae PANEL BACT-O-CLEAN er perfekt til information, der bruges af mange, f.eks. i sundhedsv\u00e6senet eller i stork\u00f8kkener. Til dokumenter i A4-format, velegnet til brug i oversigtssystemer med spikes integreret i holderen. \u00c5bning i toppen og langs venstre side for let udskiftning af dokumenter. 5 \u00e5rs garanti. Garantibetingelserne kan findes her: https:\/\/www.durable.se\/sv_SE\/service\/garanti\/garanti-foer-sherpa-vario\/<\/p>","protected":false},"excerpt":{"rendered":"<p>BACT-O-CLEAN behandlet plastiklomme. Velegnet til borde og v\u00e6gstandere, der har piggene integreret i beslaget.<\/p>","protected":false},"featured_media":135761,"template":"","meta":{"_acf_changed":false},"product_brand":[],"product_cat":[4301],"product_tag":[],"class_list":{"0":"post-115747","1":"product","2":"type-product","3":"status-publish","4":"has-post-thumbnail","6":"product_cat-tillbehor-till-bladderpanelsystem","7":"product_shipping_class-tunga-paket","8":"pa_brands-durable","9":"pa_farg-ljusbla","10":"tm-no-options","12":"first","13":"instock","14":"sale","15":"taxable","16":"shipping-taxable","17":"purchasable","18":"product-type-simple"},"acf":[],"_links":{"self":[{"href":"https:\/\/secureus.se\/dk\/wp-json\/wp\/v2\/product\/115747","targetHints":{"allow":["GET"]}}],"collection":[{"href":"https:\/\/secureus.se\/dk\/wp-json\/wp\/v2\/product"}],"about":[{"href":"https:\/\/secureus.se\/dk\/wp-json\/wp\/v2\/types\/product"}],"wp:featuredmedia":[{"embeddable":true,"href":"https:\/\/secureus.se\/dk\/wp-json\/wp\/v2\/media\/135761"}],"wp:attachment":[{"href":"https:\/\/secureus.se\/dk\/wp-json\/wp\/v2\/media?parent=115747"}],"wp:term":[{"taxonomy":"product_brand","embeddable":true,"href":"https:\/\/secureus.se\/dk\/wp-json\/wp\/v2\/product_brand?post=115747"},{"taxonomy":"product_cat","embeddable":true,"href":"https:\/\/secureus.se\/dk\/wp-json\/wp\/v2\/product_cat?post=115747"},{"taxonomy":"product_tag","embeddable":true,"href":"https:\/\/secureus.se\/dk\/wp-json\/wp\/v2\/product_tag?post=115747"}],"curies":[{"name":"wp","href":"https:\/\/api.w.org\/{rel}","templated":true}]}}