{"id":115778,"date":"2024-11-20T14:12:19","date_gmt":"2024-11-20T13:12:19","guid":{"rendered":"https:\/\/secureus.se\/?post_type=product&#038;p=115778"},"modified":"2026-01-12T12:49:10","modified_gmt":"2026-01-12T11:49:10","slug":"namnskylt-54x90-med-magnet-fix-placehold","status":"publish","type":"product","link":"https:\/\/secureus.se\/dk\/namnskylt-54x90-med-magnet-fix-placehold\/","title":{"rendered":"Navneskilt 54\u00d790 med magnetfiksering (place&amp;hold)"},"content":{"rendered":"<p>Konferencedeltagere, bes\u00f8gende p\u00e5 virksomheder, personale p\u00e5 messer, i butikker, servicefag og s\u00e6lgere - listen kan udvides, hvor der er behov for navneskilte i forskellige st\u00f8rrelser, udformninger og fastg\u00f8relsesmuligheder. Dette er et tekstilvenligt navneskilt, der ikke laver huller i t\u00f8jet. Den magnetiske fastg\u00f8relse er fastgjort, s\u00e5 navnepladen bliver i den \u00f8nskede position og ikke drejer i nogen retning. OPM\u00c6RKSOMHED! Ikke egnet til personer med pacemaker. Udsk\u00e5ret tommelfingergreb p\u00e5 bagsiden for nemt at skifte navneskilt. Der medf\u00f8lger hvide etiketter i en strimmel. Etiketter p\u00e5 A4-ark til print i printere kan bestilles separat. Brug det gratis program DURAPRINT\u00ae, der er tilg\u00e6ngeligt p\u00e5 www.duraprint.se, til at skabe og udskrive stilfulde navnelabels.<br \/>\nTilbeh\u00f8r:<br \/>\nBadgemaker\u00ae-etiketter p\u00e5 A4-ark til udskrivning i printer, varenr<\/p>","protected":false},"excerpt":{"rendered":"<p>Navneskilt 54\u00d790 med fast magnetisk fastg\u00f8relse. Beslaget holder navneskiltet i den \u00f8nskede position. 25 stk\/kasse<\/p>","protected":false},"featured_media":133593,"template":"","meta":{"_acf_changed":false},"product_brand":[],"product_cat":[4286],"product_tag":[4376],"class_list":{"0":"post-115778","1":"product","2":"type-product","3":"status-publish","4":"has-post-thumbnail","6":"product_cat-namnskyltar-med-magnet","7":"product_tag-transparent","8":"product_shipping_class-tunga-paket","9":"pa_brands-durable","10":"pa_farg-transparent","11":"tm-no-options","13":"first","14":"instock","15":"sale","16":"taxable","17":"shipping-taxable","18":"purchasable","19":"product-type-simple"},"acf":[],"_links":{"self":[{"href":"https:\/\/secureus.se\/dk\/wp-json\/wp\/v2\/product\/115778","targetHints":{"allow":["GET"]}}],"collection":[{"href":"https:\/\/secureus.se\/dk\/wp-json\/wp\/v2\/product"}],"about":[{"href":"https:\/\/secureus.se\/dk\/wp-json\/wp\/v2\/types\/product"}],"wp:featuredmedia":[{"embeddable":true,"href":"https:\/\/secureus.se\/dk\/wp-json\/wp\/v2\/media\/133593"}],"wp:attachment":[{"href":"https:\/\/secureus.se\/dk\/wp-json\/wp\/v2\/media?parent=115778"}],"wp:term":[{"taxonomy":"product_brand","embeddable":true,"href":"https:\/\/secureus.se\/dk\/wp-json\/wp\/v2\/product_brand?post=115778"},{"taxonomy":"product_cat","embeddable":true,"href":"https:\/\/secureus.se\/dk\/wp-json\/wp\/v2\/product_cat?post=115778"},{"taxonomy":"product_tag","embeddable":true,"href":"https:\/\/secureus.se\/dk\/wp-json\/wp\/v2\/product_tag?post=115778"}],"curies":[{"name":"wp","href":"https:\/\/api.w.org\/{rel}","templated":true}]}}