{"id":115810,"date":"2024-11-20T14:16:43","date_gmt":"2024-11-20T13:16:43","guid":{"rendered":"https:\/\/secureus.se\/?post_type=product&#038;p=115810"},"modified":"2026-01-12T12:00:34","modified_gmt":"2026-01-12T11:00:34","slug":"pabudsdekal-desinficera-handerna-borttagbar","status":"publish","type":"product","link":"https:\/\/secureus.se\/dk\/pabudsdekal-desinficera-handerna-borttagbar\/","title":{"rendered":"Obligatorisk m\u00e6rkat &quot;Desinficer dine h\u00e6nder&quot; kan fjernes"},"content":{"rendered":"<p>For \u00f8get sikkerhed i offentlige milj\u00f8er: gulvm\u00e6rker med obligatoriske eller forbudte symboler, der hj\u00e6lper med at kommunikere hygiejne- og afstandsregler. Selvkl\u00e6bende, aftagelig, stor gulvklisterm\u00e6rke &quot;Desinficer dine h\u00e6nder&quot; minder og informerer tydeligt om, at du skal bruge h\u00e5ndsprit. Fastg\u00f8res til rene og t\u00f8rre betongulve. Skridsikker rating R9 i henhold til DIN 51130. Skiltene opfylder kravene i ISO 7010.<br \/>\nM\u00e5l: \u00d8 430 mm, tykkelse 0,2 mm<\/p>","protected":false},"excerpt":{"rendered":"<p>Selvkl\u00e6bende, aftageligt obligatorisk skilt til gulvp\u00e5f\u00f8ring. Oplyser og minder dig tydeligt om at bruge h\u00e5ndsprit og bidrager til \u00f8get sikkerhed og risikobevidsthed.<\/p>","protected":false},"featured_media":133707,"template":"","meta":{"_acf_changed":false},"product_brand":[],"product_cat":[4307],"product_tag":[4387],"class_list":{"0":"post-115810","1":"product","2":"type-product","3":"status-publish","4":"has-post-thumbnail","6":"product_cat-sakerhetsmarkning","7":"product_tag-bla","8":"product_shipping_class-tunga-paket","9":"pa_brands-durable","10":"pa_farg-bla","11":"tm-no-options","13":"first","14":"instock","15":"sale","16":"taxable","17":"shipping-taxable","18":"purchasable","19":"product-type-simple"},"acf":[],"_links":{"self":[{"href":"https:\/\/secureus.se\/dk\/wp-json\/wp\/v2\/product\/115810","targetHints":{"allow":["GET"]}}],"collection":[{"href":"https:\/\/secureus.se\/dk\/wp-json\/wp\/v2\/product"}],"about":[{"href":"https:\/\/secureus.se\/dk\/wp-json\/wp\/v2\/types\/product"}],"wp:featuredmedia":[{"embeddable":true,"href":"https:\/\/secureus.se\/dk\/wp-json\/wp\/v2\/media\/133707"}],"wp:attachment":[{"href":"https:\/\/secureus.se\/dk\/wp-json\/wp\/v2\/media?parent=115810"}],"wp:term":[{"taxonomy":"product_brand","embeddable":true,"href":"https:\/\/secureus.se\/dk\/wp-json\/wp\/v2\/product_brand?post=115810"},{"taxonomy":"product_cat","embeddable":true,"href":"https:\/\/secureus.se\/dk\/wp-json\/wp\/v2\/product_cat?post=115810"},{"taxonomy":"product_tag","embeddable":true,"href":"https:\/\/secureus.se\/dk\/wp-json\/wp\/v2\/product_tag?post=115810"}],"curies":[{"name":"wp","href":"https:\/\/api.w.org\/{rel}","templated":true}]}}