{"id":115826,"date":"2024-11-20T14:16:43","date_gmt":"2024-11-20T13:16:43","guid":{"rendered":"https:\/\/secureus.se\/?post_type=product&#038;p=115826"},"modified":"2026-01-12T12:00:29","modified_gmt":"2026-01-12T11:00:29","slug":"pabudsdekal-tvatta-handerna-borttagbar","status":"publish","type":"product","link":"https:\/\/secureus.se\/dk\/pabudsdekal-tvatta-handerna-borttagbar\/","title":{"rendered":"Obligatorisk m\u00e6rkat &quot;Vask dine h\u00e6nder&quot; kan fjernes"},"content":{"rendered":"<p>For \u00f8get sikkerhed i offentlige milj\u00f8er: gulvm\u00e6rkater med obligatoriske eller forbudte symboler, der hj\u00e6lper med at kommunikere hygiejne- og afstandsregler. Selvkl\u00e6bende, aftagelig, stor gulvklisterm\u00e6rke &quot;Vask dine h\u00e6nder&quot; minder og informerer tydeligt om, at du skal vaske h\u00e6nder. Fastg\u00f8res til rene og t\u00f8rre betongulve. Skridsikker rating R9 i henhold til DIN 51130. Skiltene opfylder kravene i ISO 7010.<br \/>\nM\u00e5l: \u00d8 430 mm, tykkelse 0,2 mm<\/p>","protected":false},"excerpt":{"rendered":"<p>Selvkl\u00e6bende, aftageligt obligatorisk skilt til gulvp\u00e5f\u00f8ring. Oplyser tydeligt og minder dig om at vaske h\u00e6nder og bidrager til \u00f8get sikkerhed og risikobevidsthed.<\/p>","protected":false},"featured_media":133832,"template":"","meta":{"_acf_changed":false},"product_brand":[],"product_cat":[4307],"product_tag":[4387],"class_list":{"0":"post-115826","1":"product","2":"type-product","3":"status-publish","4":"has-post-thumbnail","6":"product_cat-sakerhetsmarkning","7":"product_tag-bla","8":"product_shipping_class-tunga-paket","9":"pa_brands-durable","10":"pa_farg-bla","11":"tm-no-options","13":"first","14":"instock","15":"sale","16":"taxable","17":"shipping-taxable","18":"purchasable","19":"product-type-simple"},"acf":[],"_links":{"self":[{"href":"https:\/\/secureus.se\/dk\/wp-json\/wp\/v2\/product\/115826","targetHints":{"allow":["GET"]}}],"collection":[{"href":"https:\/\/secureus.se\/dk\/wp-json\/wp\/v2\/product"}],"about":[{"href":"https:\/\/secureus.se\/dk\/wp-json\/wp\/v2\/types\/product"}],"wp:featuredmedia":[{"embeddable":true,"href":"https:\/\/secureus.se\/dk\/wp-json\/wp\/v2\/media\/133832"}],"wp:attachment":[{"href":"https:\/\/secureus.se\/dk\/wp-json\/wp\/v2\/media?parent=115826"}],"wp:term":[{"taxonomy":"product_brand","embeddable":true,"href":"https:\/\/secureus.se\/dk\/wp-json\/wp\/v2\/product_brand?post=115826"},{"taxonomy":"product_cat","embeddable":true,"href":"https:\/\/secureus.se\/dk\/wp-json\/wp\/v2\/product_cat?post=115826"},{"taxonomy":"product_tag","embeddable":true,"href":"https:\/\/secureus.se\/dk\/wp-json\/wp\/v2\/product_tag?post=115826"}],"curies":[{"name":"wp","href":"https:\/\/api.w.org\/{rel}","templated":true}]}}