{"id":115868,"date":"2025-01-07T11:02:23","date_gmt":"2025-01-07T10:02:23","guid":{"rendered":"https:\/\/secureus.se\/?post_type=product&#038;p=115868"},"modified":"2026-01-12T12:36:50","modified_gmt":"2026-01-12T11:36:50","slug":"bladderstall-function-safe-wall-10","status":"publish","type":"product","link":"https:\/\/secureus.se\/dk\/bladderstall-function-safe-wall-10\/","title":{"rendered":"Flipover-stativ FUNKTIONSSIKKER V\u00c6G 10"},"content":{"rendered":"<p>Informations- og pr\u00e6sentationsstandere med mange forskellige navne; panel, display, oversigtssystem, vingeregister, PLU-holder, dokumentholder, snydeark.... Uanset navnet har den mange anvendelsesmuligheder p\u00e5 lager, i produktionsfaciliteter, kassediske osv. Information, der ofte bruges, gemmes, findes hurtigt og er let at se i oversigtssystemet. FUNCTION SAFE WALL er en komplet metalv\u00e6gholder med 10 plastlommer med lynl\u00e5slukning p\u00e5 siden og faste headerholdere. Til dokumenter i A4-format, der opbevares beskyttet mod snavs, st\u00f8v og fugt. Ved is\u00e6tning og udtagning af lommerne er det en god id\u00e9 at b\u00f8je lommen lidt forsigtigt p\u00e5 midten langs den indvendige langside, s\u00e5 det er nemt at is\u00e6tte og udtage lommen uden at beskadige pigge i holderen.<\/p>","protected":false},"excerpt":{"rendered":"<p>Komplet v\u00e6gstativ i metal med 10 A4-paneler, der kan gennemg\u00e5s med lynl\u00e5s i siden.<\/p>","protected":false},"featured_media":134829,"template":"","meta":{"_acf_changed":false},"product_brand":[],"product_cat":[4301],"product_tag":[4397],"class_list":{"0":"post-115868","1":"product","2":"type-product","3":"status-publish","4":"has-post-thumbnail","6":"product_cat-tillbehor-till-bladderpanelsystem","7":"product_tag-mix","8":"product_shipping_class-tunga-paket","9":"pa_brands-durable","10":"pa_farg-mix","11":"tm-no-options","13":"first","14":"instock","15":"sale","16":"taxable","17":"shipping-taxable","18":"purchasable","19":"product-type-simple"},"acf":[],"_links":{"self":[{"href":"https:\/\/secureus.se\/dk\/wp-json\/wp\/v2\/product\/115868","targetHints":{"allow":["GET"]}}],"collection":[{"href":"https:\/\/secureus.se\/dk\/wp-json\/wp\/v2\/product"}],"about":[{"href":"https:\/\/secureus.se\/dk\/wp-json\/wp\/v2\/types\/product"}],"wp:featuredmedia":[{"embeddable":true,"href":"https:\/\/secureus.se\/dk\/wp-json\/wp\/v2\/media\/134829"}],"wp:attachment":[{"href":"https:\/\/secureus.se\/dk\/wp-json\/wp\/v2\/media?parent=115868"}],"wp:term":[{"taxonomy":"product_brand","embeddable":true,"href":"https:\/\/secureus.se\/dk\/wp-json\/wp\/v2\/product_brand?post=115868"},{"taxonomy":"product_cat","embeddable":true,"href":"https:\/\/secureus.se\/dk\/wp-json\/wp\/v2\/product_cat?post=115868"},{"taxonomy":"product_tag","embeddable":true,"href":"https:\/\/secureus.se\/dk\/wp-json\/wp\/v2\/product_tag?post=115868"}],"curies":[{"name":"wp","href":"https:\/\/api.w.org\/{rel}","templated":true}]}}