{"id":115879,"date":"2025-01-07T11:02:22","date_gmt":"2025-01-07T10:02:22","guid":{"rendered":"https:\/\/secureus.se\/?post_type=product&#038;p=115879"},"modified":"2026-01-12T12:38:25","modified_gmt":"2026-01-12T11:38:25","slug":"bladderstall-function-table-20","status":"publish","type":"product","link":"https:\/\/secureus.se\/dk\/bladderstall-function-table-20\/","title":{"rendered":"Flipover FUNKTIONSTABEL 20"},"content":{"rendered":"<p>Informations- og pr\u00e6sentationsstandere med mange forskellige navne; panel, display, oversigtssystem, vingeregister, PLU-holder, dokumentholder, snydeark.... Uanset navnet har den mange anvendelsesmuligheder p\u00e5 lager, i produktionsfaciliteter, kasser osv. Information, der ofte bruges, gemmes, findes hurtigt og er let at se i oversigtssystemet. FUNCTION TABLE 20 er en komplet metalbordstander med 10 scanbare plastlommer med r\u00f8de, gule, gr\u00f8nne og bl\u00e5 kanter og faste headerholdere. Til dokumenter i A4-format. N\u00e5r du s\u00e6tter lommerne i og fjerner dem, er det en god id\u00e9 at b\u00f8je lommen lidt forsigtigt p\u00e5 midten langs den indvendige langside, s\u00e5 det er nemt at s\u00e6tte lommen i og fjerne den uden at beskadige piggene i holderen. Gummif\u00f8dder g\u00f8r, at den st\u00e5r stabilt.<\/p>","protected":false},"excerpt":{"rendered":"<p>Komplet metalbordstativ med 20 A4-paneler, der kan foldes op, for at have ofte brugt information hurtigt og overskueligt ved h\u00e5nden.<\/p>","protected":false},"featured_media":135142,"template":"","meta":{"_acf_changed":false},"product_brand":[],"product_cat":[4301],"product_tag":[4397],"class_list":{"0":"post-115879","1":"product","2":"type-product","3":"status-publish","4":"has-post-thumbnail","6":"product_cat-tillbehor-till-bladderpanelsystem","7":"product_tag-mix","8":"product_shipping_class-tunga-paket","9":"pa_brands-durable","10":"pa_farg-mix","11":"tm-no-options","13":"first","14":"instock","15":"sale","16":"taxable","17":"shipping-taxable","18":"purchasable","19":"product-type-simple"},"acf":[],"_links":{"self":[{"href":"https:\/\/secureus.se\/dk\/wp-json\/wp\/v2\/product\/115879","targetHints":{"allow":["GET"]}}],"collection":[{"href":"https:\/\/secureus.se\/dk\/wp-json\/wp\/v2\/product"}],"about":[{"href":"https:\/\/secureus.se\/dk\/wp-json\/wp\/v2\/types\/product"}],"wp:featuredmedia":[{"embeddable":true,"href":"https:\/\/secureus.se\/dk\/wp-json\/wp\/v2\/media\/135142"}],"wp:attachment":[{"href":"https:\/\/secureus.se\/dk\/wp-json\/wp\/v2\/media?parent=115879"}],"wp:term":[{"taxonomy":"product_brand","embeddable":true,"href":"https:\/\/secureus.se\/dk\/wp-json\/wp\/v2\/product_brand?post=115879"},{"taxonomy":"product_cat","embeddable":true,"href":"https:\/\/secureus.se\/dk\/wp-json\/wp\/v2\/product_cat?post=115879"},{"taxonomy":"product_tag","embeddable":true,"href":"https:\/\/secureus.se\/dk\/wp-json\/wp\/v2\/product_tag?post=115879"}],"curies":[{"name":"wp","href":"https:\/\/api.w.org\/{rel}","templated":true}]}}