{"id":115880,"date":"2024-11-20T14:13:38","date_gmt":"2024-11-20T13:13:38","guid":{"rendered":"https:\/\/secureus.se\/?post_type=product&#038;p=115880"},"modified":"2026-01-12T12:51:20","modified_gmt":"2026-01-12T11:51:20","slug":"namnskylt-classic-30x65-magnetfaste","status":"publish","type":"product","link":"https:\/\/secureus.se\/dk\/namnskylt-classic-30x65-magnetfaste\/","title":{"rendered":"Navneskilt CLASSIC 30\u00d765, magnetisk beslag"},"content":{"rendered":"<p>Konferencedeltagere, bes\u00f8gende p\u00e5 virksomheder, personale p\u00e5 messer, i butikker, servicefag og s\u00e6lgere - listen kan udvides, hvor der er behov for navneskilte i forskellige st\u00f8rrelser, udformninger og fastg\u00f8relsesmuligheder. Dette elegante 30\u00d765 mm skilt i aluminiumslook og med en ridsefast ramme er let konveks, hvilket g\u00f8r teksten ekstra letl\u00e6selig. Tekstilvenlig magnetisk vedh\u00e6ftning, der fungerer godt p\u00e5 sart t\u00f8j. OPM\u00c6RKSOMHED! Ikke egnet til personer med pacemaker. Nem at fjerne og erstatte navneskiltet. Hvide etiketter medf\u00f8lger. Etiketter p\u00e5 A4-ark til print i printere kan bestilles separat. Brug det gratis program DURAPRINT\u00ae, der er tilg\u00e6ngeligt p\u00e5 www.duraprint.se, til at skabe og udskrive stilfulde navnelabels.<br \/>\nTilbeh\u00f8r:<br \/>\nBadgemaker\u00ae-etiketter p\u00e5 A4-ark til udskrivning i printer, varenr<\/p>","protected":false},"excerpt":{"rendered":"<p>Let konveks navneskilt med galvaniseret ramme med magnetisk fastg\u00f8relse. Elegant aluminiumslook i st\u00f8rrelse 30x65mm. 10 stk\/kasse<\/p>","protected":false},"featured_media":133696,"template":"","meta":{"_acf_changed":false},"product_brand":[],"product_cat":[4286],"product_tag":[4382],"class_list":{"0":"post-115880","1":"product","2":"type-product","3":"status-publish","4":"has-post-thumbnail","6":"product_cat-namnskyltar-med-magnet","7":"product_tag-silver","8":"product_shipping_class-tunga-paket","9":"pa_brands-durable","10":"pa_farg-silver","11":"tm-no-options","13":"first","14":"instock","15":"sale","16":"taxable","17":"shipping-taxable","18":"purchasable","19":"product-type-simple"},"acf":[],"_links":{"self":[{"href":"https:\/\/secureus.se\/dk\/wp-json\/wp\/v2\/product\/115880","targetHints":{"allow":["GET"]}}],"collection":[{"href":"https:\/\/secureus.se\/dk\/wp-json\/wp\/v2\/product"}],"about":[{"href":"https:\/\/secureus.se\/dk\/wp-json\/wp\/v2\/types\/product"}],"wp:featuredmedia":[{"embeddable":true,"href":"https:\/\/secureus.se\/dk\/wp-json\/wp\/v2\/media\/133696"}],"wp:attachment":[{"href":"https:\/\/secureus.se\/dk\/wp-json\/wp\/v2\/media?parent=115880"}],"wp:term":[{"taxonomy":"product_brand","embeddable":true,"href":"https:\/\/secureus.se\/dk\/wp-json\/wp\/v2\/product_brand?post=115880"},{"taxonomy":"product_cat","embeddable":true,"href":"https:\/\/secureus.se\/dk\/wp-json\/wp\/v2\/product_cat?post=115880"},{"taxonomy":"product_tag","embeddable":true,"href":"https:\/\/secureus.se\/dk\/wp-json\/wp\/v2\/product_tag?post=115880"}],"curies":[{"name":"wp","href":"https:\/\/api.w.org\/{rel}","templated":true}]}}