{"id":115891,"date":"2024-11-05T17:16:03","date_gmt":"2024-11-05T16:16:03","guid":{"rendered":"https:\/\/secureus.se\/?post_type=product&#038;p=115891"},"modified":"2026-01-12T12:29:57","modified_gmt":"2026-01-12T11:29:57","slug":"sladdgomma-cavoline-box-l","status":"publish","type":"product","link":"https:\/\/secureus.se\/dk\/sladdgomma-cavoline-box-l\/","title":{"rendered":"Kabelskjuler CAVOLINE\u00ae BOX L"},"content":{"rendered":"<p>Hold kablerne i orden med CAVOLINE\u00ae b\u00e5de p\u00e5 kontoret og i hjemmet. Saml kablerne og det ser p\u00e6nere ud og er ogs\u00e5 nemmere at reng\u00f8re. <\/p>\n<p>Elegant ledningsboks af brandsikkert plast til kabler og 5-vejs stikkontakter<br \/>\n. Gummibekl\u00e6dte \u00e5bninger til kabler p\u00e5 begge kortsider. \u00c5bningerne fungerer ogs\u00e5 som ventilationshuller. Cover med praktisk kabelindgang til mobiltelefonens ladekabel. Store gummif\u00f8dder s\u00f8rger for, at kabelskjuleren st\u00e5r solidt<br \/>\n. Dimensioner: 406 x 156 x 139 mm (B x H x D)<\/p>","protected":false},"excerpt":{"rendered":"<p>Kabelboks af h\u00f8j kvalitet lavet af brandsikkert plast. <\/p>","protected":false},"featured_media":135985,"template":"","meta":{"_acf_changed":false},"product_brand":[],"product_cat":[4287],"product_tag":[4393],"class_list":{"0":"post-115891","1":"product","2":"type-product","3":"status-publish","4":"has-post-thumbnail","6":"product_cat-kabelsamlare","7":"product_tag-gra","8":"product_shipping_class-tunga-paket","9":"pa_brands-durable","10":"pa_farg-gra","11":"tm-no-options","13":"first","14":"instock","15":"sale","16":"taxable","17":"shipping-taxable","18":"purchasable","19":"product-type-simple"},"acf":[],"_links":{"self":[{"href":"https:\/\/secureus.se\/dk\/wp-json\/wp\/v2\/product\/115891","targetHints":{"allow":["GET"]}}],"collection":[{"href":"https:\/\/secureus.se\/dk\/wp-json\/wp\/v2\/product"}],"about":[{"href":"https:\/\/secureus.se\/dk\/wp-json\/wp\/v2\/types\/product"}],"wp:featuredmedia":[{"embeddable":true,"href":"https:\/\/secureus.se\/dk\/wp-json\/wp\/v2\/media\/135985"}],"wp:attachment":[{"href":"https:\/\/secureus.se\/dk\/wp-json\/wp\/v2\/media?parent=115891"}],"wp:term":[{"taxonomy":"product_brand","embeddable":true,"href":"https:\/\/secureus.se\/dk\/wp-json\/wp\/v2\/product_brand?post=115891"},{"taxonomy":"product_cat","embeddable":true,"href":"https:\/\/secureus.se\/dk\/wp-json\/wp\/v2\/product_cat?post=115891"},{"taxonomy":"product_tag","embeddable":true,"href":"https:\/\/secureus.se\/dk\/wp-json\/wp\/v2\/product_tag?post=115891"}],"curies":[{"name":"wp","href":"https:\/\/api.w.org\/{rel}","templated":true}]}}