{"id":115959,"date":"2024-11-20T14:14:37","date_gmt":"2024-11-20T13:14:37","guid":{"rendered":"https:\/\/secureus.se\/?post_type=product&#038;p=115959"},"modified":"2025-12-31T21:25:29","modified_gmt":"2025-12-31T20:25:29","slug":"namnskylt-set-40x60-nal-a4-etikettark","status":"publish","type":"product","link":"https:\/\/secureus.se\/dk\/namnskylt-set-40x60-nal-a4-etikettark\/","title":{"rendered":"Navneskilt S\u00c6T 40\u00d760, pin + A4 etiketark"},"content":{"rendered":"<p>Konferencedeltagere, bes\u00f8gende p\u00e5 virksomheder, personale p\u00e5 messer, i butikker, servicefag og s\u00e6lgere - listen kan udvides, hvor der er behov for navneskilte i forskellige st\u00f8rrelser, udformninger og fastg\u00f8relsesmuligheder. Komplet s\u00e6t med et klassisk enkelt navneskilt 40x75mm med gennemt\u00e6nkte funktioner; S-formet n\u00e5l forhindrer navneskiltet i at vrikke nedad, n\u00e5r det er fastgjort til t\u00f8jet, n\u00e5lespidsen er beskyttet, s\u00e5 den ikke prikker b\u00e6reren, og tommelfingergreb g\u00f8r det nemt at fjerne kortet. 3 A4 ark med hvide labels til print i printer medf\u00f8lger i s\u00e6ttet. Flere etiketter p\u00e5 A4-ark kan bestilles separat. Brug det gratis program DURAPRINT\u00ae, der er tilg\u00e6ngeligt p\u00e5 www.duraprint.se, til at skabe og udskrive stilfulde navnelabels.<br \/>\nTilbeh\u00f8r:<br \/>\nBadgemaker\u00ae-etiketter p\u00e5 A4-ark til udskrivning i printer, varenr<\/p>","protected":false},"excerpt":{"rendered":"<p>Komplet s\u00e6t A4 etiketark til printerudskrivning. 20 navneskilte 40x 60mm med stiftfastg\u00f8relse.<\/p>","protected":false},"featured_media":133741,"template":"","meta":{"_acf_changed":false},"product_brand":[],"product_cat":[4275],"product_tag":[],"class_list":{"0":"post-115959","1":"product","2":"type-product","3":"status-publish","4":"has-post-thumbnail","6":"product_cat-namnskyltar-kompletta-set","7":"product_shipping_class-tunga-paket","8":"pa_brands-durable","9":"tm-no-options","11":"first","12":"instock","13":"sale","14":"taxable","15":"shipping-taxable","16":"purchasable","17":"product-type-simple"},"acf":[],"_links":{"self":[{"href":"https:\/\/secureus.se\/dk\/wp-json\/wp\/v2\/product\/115959","targetHints":{"allow":["GET"]}}],"collection":[{"href":"https:\/\/secureus.se\/dk\/wp-json\/wp\/v2\/product"}],"about":[{"href":"https:\/\/secureus.se\/dk\/wp-json\/wp\/v2\/types\/product"}],"wp:featuredmedia":[{"embeddable":true,"href":"https:\/\/secureus.se\/dk\/wp-json\/wp\/v2\/media\/133741"}],"wp:attachment":[{"href":"https:\/\/secureus.se\/dk\/wp-json\/wp\/v2\/media?parent=115959"}],"wp:term":[{"taxonomy":"product_brand","embeddable":true,"href":"https:\/\/secureus.se\/dk\/wp-json\/wp\/v2\/product_brand?post=115959"},{"taxonomy":"product_cat","embeddable":true,"href":"https:\/\/secureus.se\/dk\/wp-json\/wp\/v2\/product_cat?post=115959"},{"taxonomy":"product_tag","embeddable":true,"href":"https:\/\/secureus.se\/dk\/wp-json\/wp\/v2\/product_tag?post=115959"}],"curies":[{"name":"wp","href":"https:\/\/api.w.org\/{rel}","templated":true}]}}