{"id":115982,"date":"2024-11-05T17:12:53","date_gmt":"2024-11-05T16:12:53","guid":{"rendered":"https:\/\/secureus.se\/?post_type=product&#038;p=115982"},"modified":"2026-01-12T12:54:56","modified_gmt":"2026-01-12T11:54:56","slug":"tablet-holder-wall-xl","status":"publish","type":"product","link":"https:\/\/secureus.se\/dk\/tablet-holder-wall-xl\/","title":{"rendered":"TABLETHOLDER V\u00c6G XL"},"content":{"rendered":"<p>Tablet-v\u00e6gbeslag i et stilfuldt og funktionelt design til tablets i st\u00f8rrelserne 7\u2033-13\u2033 (160-275 mm). Til brug i industri, lagre og transportsektoren, hvor tabletter anvendes med beskyttelsesd\u00e6ksel eller skal. T\u00e6t p\u00e5 v\u00e6ggen og nem montering. Holderen, til tablets uden eller med etui op til 23 mm tyk, kan drejes 360\u00b0 med fire stoppositioner for hver 90\u00b0, til brug i st\u00e5ende eller liggende format. Tabletten kan nemt tages ud af holderen og tages med til digital kontrol, processer og analyser. Ladekablet tilsluttes gennem en \u00e5bning i tabletholderen. Let at installere, st\u00e6rkt og sikkert v\u00e6gbeslag inklusive skrue og prop.<br \/>\nMaksimal v\u00e6gt for tabletten 1 kg.<br \/>\nMaterialer: aluminium, ABS plast<br \/>\nDimensioner: 95 x 225 x 170 mm (B x H x D)  <\/p>","protected":false},"excerpt":{"rendered":"<p>Tabletholder, der passer til tabletter med et beskyttende l\u00e5g p\u00e5 op til 23 mm tykkelse. V\u00e6gbeslag til brug i milj\u00f8er, hvor tablets bruges med et beskyttende etui eller skal, f.eks. i produktionsanl\u00e6g, p\u00e5 lager og i transportsektoren.<\/p>","protected":false},"featured_media":136068,"template":"","meta":{"_acf_changed":false},"product_brand":[],"product_cat":[4236],"product_tag":[4382],"class_list":{"0":"post-115982","1":"product","2":"type-product","3":"status-publish","4":"has-post-thumbnail","6":"product_cat-surfplattehallare","7":"product_tag-silver","8":"product_shipping_class-tunga-paket","9":"pa_brands-durable","10":"pa_farg-silver","11":"tm-no-options","13":"first","14":"instock","15":"sale","16":"taxable","17":"shipping-taxable","18":"purchasable","19":"product-type-simple"},"acf":[],"_links":{"self":[{"href":"https:\/\/secureus.se\/dk\/wp-json\/wp\/v2\/product\/115982","targetHints":{"allow":["GET"]}}],"collection":[{"href":"https:\/\/secureus.se\/dk\/wp-json\/wp\/v2\/product"}],"about":[{"href":"https:\/\/secureus.se\/dk\/wp-json\/wp\/v2\/types\/product"}],"wp:featuredmedia":[{"embeddable":true,"href":"https:\/\/secureus.se\/dk\/wp-json\/wp\/v2\/media\/136068"}],"wp:attachment":[{"href":"https:\/\/secureus.se\/dk\/wp-json\/wp\/v2\/media?parent=115982"}],"wp:term":[{"taxonomy":"product_brand","embeddable":true,"href":"https:\/\/secureus.se\/dk\/wp-json\/wp\/v2\/product_brand?post=115982"},{"taxonomy":"product_cat","embeddable":true,"href":"https:\/\/secureus.se\/dk\/wp-json\/wp\/v2\/product_cat?post=115982"},{"taxonomy":"product_tag","embeddable":true,"href":"https:\/\/secureus.se\/dk\/wp-json\/wp\/v2\/product_tag?post=115982"}],"curies":[{"name":"wp","href":"https:\/\/api.w.org\/{rel}","templated":true}]}}