{"id":116004,"date":"2024-11-20T14:14:37","date_gmt":"2024-11-20T13:14:37","guid":{"rendered":"https:\/\/secureus.se\/?post_type=product&#038;p=116004"},"modified":"2026-01-12T12:04:03","modified_gmt":"2026-01-12T11:04:03","slug":"pallficka-a5l-vikbar-kant-2","status":"publish","type":"product","link":"https:\/\/secureus.se\/dk\/pallficka-a5l-vikbar-kant-2\/","title":{"rendered":"Pallelomme A5L foldekant"},"content":{"rendered":"<p>Tydelig og omfattende m\u00e6rkning af pallekraver, paller og kartoner forbedrer og effektiviserer arbejdsprocessen p\u00e5 lagre og i produktionsfaciliteter. Disse plastlommer lavet af slidst\u00e6rkt polypropylen er scanbare og beskytter de udskiftelige indsatser mod snavs og slid. Lommerne leveres flade og er forberedt til at blive foldet til to forskellige funktioner. Fold \u00e9n gang og det bliver til en lomme, der er vinklet i 90\u00b0 og kan inds\u00e6ttes mellem stablede kartoner. Der skal ikke limes noget p\u00e5 pappet, og lommen holdes p\u00e5 plads af v\u00e6gten af pappet ovenfor. Fold to gange og det bliver som en b\u00f8jet lomme til at h\u00e6nge over f.eks pallekravekanter der er max 22 mm. En gratis skabelon til etiketten er tilg\u00e6ngelig p\u00e5 www.duraprint.se.<br \/>\nIndvendige m\u00e5l: A5L (210 x 148 mm B x H)<br \/>\nYderm\u00e5l: 230 x 259 mm B x H<br \/>\nTilbeh\u00f8r: Etiketter p\u00e5 A4-ark, art. nr. 485502<\/p>","protected":false},"excerpt":{"rendered":"<p>Pallelomme til markering af pallekraver og kartoner. V\u00e6lg mellem at stikke lommen mellem stablede kartoner eller h\u00e6nge ud over kanten af pallen.<\/p>","protected":false},"featured_media":133734,"template":"","meta":{"_acf_changed":false},"product_brand":[],"product_cat":[4306],"product_tag":[4395],"class_list":{"0":"post-116004","1":"product","2":"type-product","3":"status-publish","4":"has-post-thumbnail","6":"product_cat-markning-pallstall","7":"product_tag-gul","8":"product_shipping_class-tunga-paket","9":"pa_brands-durable","10":"pa_farg-gul","11":"tm-no-options","13":"first","14":"instock","15":"sale","16":"taxable","17":"shipping-taxable","18":"purchasable","19":"product-type-simple"},"acf":[],"_links":{"self":[{"href":"https:\/\/secureus.se\/dk\/wp-json\/wp\/v2\/product\/116004","targetHints":{"allow":["GET"]}}],"collection":[{"href":"https:\/\/secureus.se\/dk\/wp-json\/wp\/v2\/product"}],"about":[{"href":"https:\/\/secureus.se\/dk\/wp-json\/wp\/v2\/types\/product"}],"wp:featuredmedia":[{"embeddable":true,"href":"https:\/\/secureus.se\/dk\/wp-json\/wp\/v2\/media\/133734"}],"wp:attachment":[{"href":"https:\/\/secureus.se\/dk\/wp-json\/wp\/v2\/media?parent=116004"}],"wp:term":[{"taxonomy":"product_brand","embeddable":true,"href":"https:\/\/secureus.se\/dk\/wp-json\/wp\/v2\/product_brand?post=116004"},{"taxonomy":"product_cat","embeddable":true,"href":"https:\/\/secureus.se\/dk\/wp-json\/wp\/v2\/product_cat?post=116004"},{"taxonomy":"product_tag","embeddable":true,"href":"https:\/\/secureus.se\/dk\/wp-json\/wp\/v2\/product_tag?post=116004"}],"curies":[{"name":"wp","href":"https:\/\/api.w.org\/{rel}","templated":true}]}}