{"id":116030,"date":"2024-11-20T14:17:34","date_gmt":"2024-11-20T13:17:34","guid":{"rendered":"https:\/\/secureus.se\/?post_type=product&#038;p=116030"},"modified":"2025-12-31T21:26:25","modified_gmt":"2025-12-31T20:26:25","slug":"sekretessfilter-magnetic-11-6","status":"publish","type":"product","link":"https:\/\/secureus.se\/dk\/sekretessfilter-magnetic-11-6\/","title":{"rendered":"Privatlivsfilter MAGNETIC 11,6&quot;"},"content":{"rendered":"<p>Da det er almindeligt at arbejde flere steder end p\u00e5 kontoret \u2013 i tog, fly eller offentlige steder med mange mennesker som fx caf\u00e9er, \u00f8ges risikoen for, at uvedkommende skimter eller ser information, som vi ikke \u00f8nsker eller ikke b\u00f8r dele. Beskyt din computersk\u00e6rm med privatlivsfiltre mod visuel hacking og nysgerrige \u00f8jne. Derefter skal du blot fjerne filteret, der fastg\u00f8res magnetisk til de to magneter, der er fastgjort til pc&#039;en. N\u00e5r filteret ikke er i brug, kan det opbevares i den medf\u00f8lgende opbevaringsmappe. Privatlivsfilteret g\u00f8r sk\u00e6rmen m\u00f8rk fra begge sider i en vinkel p\u00e5 30\u00b0, men giver brugeren et klart sk\u00e6rmbillede forfra. Set fra siden forhindrer privatlivsfilteret kig i en vinkel p\u00e5 60\u00b0. Filterets matte finish reducerer \u00f8jenbelastning og reducerer skadeligt bl\u00e5t lys. Sk\u00e6rmen er beskyttet mod ridser og st\u00f8v af sk\u00e6rmfilteret og kan ogs\u00e5 bruges p\u00e5 touchsk\u00e6rme. Der medf\u00f8lger en mikrofiberklud til reng\u00f8ring af computersk\u00e6rm og filter.<br \/>\nDette filter er beregnet til 11,6&quot; sk\u00e6rme med dimensionerne 257 x 144,5 mm \/ 10,1&quot; x 5,7&quot; (BxH). Dimensionerne p\u00e5 privatlivsfilteret er 257 x 153,5 mm.<\/p>","protected":false},"excerpt":{"rendered":"<p>Privatlivsfilter med magnetisk vedh\u00e6ftning, der beskytter din computersk\u00e6rms privatliv mod uautoriserede \u00f8jne. Leveres i praktisk opbevaringslomme. Til 11,6&quot; sk\u00e6rme.<\/p>","protected":false},"featured_media":133516,"template":"","meta":{"_acf_changed":false},"product_brand":[],"product_cat":[4241,4242],"product_tag":[4394],"class_list":{"0":"post-116030","1":"product","2":"type-product","3":"status-publish","4":"has-post-thumbnail","6":"product_cat-datortillbehor","7":"product_cat-sekretessfilter","8":"product_tag-antracitgra","9":"product_shipping_class-tunga-paket","10":"pa_brands-durable","11":"pa_farg-antracitgra","12":"tm-no-options","14":"first","15":"instock","16":"sale","17":"taxable","18":"shipping-taxable","19":"purchasable","20":"product-type-simple"},"acf":[],"_links":{"self":[{"href":"https:\/\/secureus.se\/dk\/wp-json\/wp\/v2\/product\/116030","targetHints":{"allow":["GET"]}}],"collection":[{"href":"https:\/\/secureus.se\/dk\/wp-json\/wp\/v2\/product"}],"about":[{"href":"https:\/\/secureus.se\/dk\/wp-json\/wp\/v2\/types\/product"}],"wp:featuredmedia":[{"embeddable":true,"href":"https:\/\/secureus.se\/dk\/wp-json\/wp\/v2\/media\/133516"}],"wp:attachment":[{"href":"https:\/\/secureus.se\/dk\/wp-json\/wp\/v2\/media?parent=116030"}],"wp:term":[{"taxonomy":"product_brand","embeddable":true,"href":"https:\/\/secureus.se\/dk\/wp-json\/wp\/v2\/product_brand?post=116030"},{"taxonomy":"product_cat","embeddable":true,"href":"https:\/\/secureus.se\/dk\/wp-json\/wp\/v2\/product_cat?post=116030"},{"taxonomy":"product_tag","embeddable":true,"href":"https:\/\/secureus.se\/dk\/wp-json\/wp\/v2\/product_tag?post=116030"}],"curies":[{"name":"wp","href":"https:\/\/api.w.org\/{rel}","templated":true}]}}