{"id":116154,"date":"2024-11-05T17:24:51","date_gmt":"2024-11-05T16:24:51","guid":{"rendered":"https:\/\/secureus.se\/?post_type=product&#038;p=116154"},"modified":"2026-01-12T12:38:04","modified_gmt":"2026-01-12T11:38:04","slug":"sherpa-table-10-2","status":"publish","type":"product","link":"https:\/\/secureus.se\/dk\/sherpa-table-10-2\/","title":{"rendered":"SHERPA\u00ae TABEL 10"},"content":{"rendered":"<p>Informations- og pr\u00e6sentationsstande, der har mange forskellige navne; panel, display, oversigtssystem, vingeregister, PLU holder, dokumentholder, lathund.... Uanset navnet har den mange anvendelsesmuligheder i kontorer, butikker, k\u00f8kkener, kasser, udstillinger mv. Hyppigt anvendte informationer gemmes, findes hurtigt og kan nemt ses i oversigtssystemet. SHERPA\u00ae TABLE er et komplet bordstativ med 10 ikke-reflekterende, scanbare polypropylenplastlommer (5 gr\u00e5 og 5 sorte) til dokumenter i A4-format. Kan udvides med en eller flere ekspansionsdele for st\u00f8rre kapacitet. Aftagelig 58 mm hovedholder medf\u00f8lger. Ved ind- og udtagning af lommerne er det godt at b\u00f8je lommen lidt forsigtigt p\u00e5 midten langs den indvendige langside, s\u00e5 det er nemt at ind- og udtage lommen uden at beskadige piggene i holderen. De store gummif\u00f8dder s\u00f8rger for, at den st\u00e5r solidt. 5 \u00e5rs garanti. Garantibetingelserne kan findes her: https:\/\/www.durable.se\/sv_SE\/service\/garanti\/garanti-foer-sherpa-vario\/<br \/>\nTilbeh\u00f8r: Udvidelsesdel 562457 (uden lommer) eller 581122 (med lommer)<\/p>","protected":false},"excerpt":{"rendered":"<p>Komplet bordstativ med 10 rulbare paneler for at have ofte brugt information hurtigt og overskueligt ved h\u00e5nden. <\/p>","protected":false},"featured_media":135320,"template":"","meta":{"_acf_changed":false},"product_brand":[],"product_cat":[4298],"product_tag":[4409],"class_list":{"0":"post-116154","1":"product","2":"type-product","3":"status-publish","4":"has-post-thumbnail","6":"product_cat-bladderstall-bord","7":"product_tag-svart-gra","8":"product_shipping_class-tunga-paket","9":"pa_brands-durable","10":"pa_farg-svart-gra","11":"tm-no-options","13":"first","14":"instock","15":"sale","16":"taxable","17":"shipping-taxable","18":"purchasable","19":"product-type-simple"},"acf":[],"_links":{"self":[{"href":"https:\/\/secureus.se\/dk\/wp-json\/wp\/v2\/product\/116154","targetHints":{"allow":["GET"]}}],"collection":[{"href":"https:\/\/secureus.se\/dk\/wp-json\/wp\/v2\/product"}],"about":[{"href":"https:\/\/secureus.se\/dk\/wp-json\/wp\/v2\/types\/product"}],"wp:featuredmedia":[{"embeddable":true,"href":"https:\/\/secureus.se\/dk\/wp-json\/wp\/v2\/media\/135320"}],"wp:attachment":[{"href":"https:\/\/secureus.se\/dk\/wp-json\/wp\/v2\/media?parent=116154"}],"wp:term":[{"taxonomy":"product_brand","embeddable":true,"href":"https:\/\/secureus.se\/dk\/wp-json\/wp\/v2\/product_brand?post=116154"},{"taxonomy":"product_cat","embeddable":true,"href":"https:\/\/secureus.se\/dk\/wp-json\/wp\/v2\/product_cat?post=116154"},{"taxonomy":"product_tag","embeddable":true,"href":"https:\/\/secureus.se\/dk\/wp-json\/wp\/v2\/product_tag?post=116154"}],"curies":[{"name":"wp","href":"https:\/\/api.w.org\/{rel}","templated":true}]}}