{"id":116275,"date":"2024-11-05T17:13:11","date_gmt":"2024-11-05T16:13:11","guid":{"rendered":"https:\/\/secureus.se\/?post_type=product&#038;p=116275"},"modified":"2026-01-12T12:54:32","modified_gmt":"2026-01-12T11:54:32","slug":"tablet-holder-wall-arm","status":"publish","type":"product","link":"https:\/\/secureus.se\/dk\/tablet-holder-wall-arm\/","title":{"rendered":"TABLETHOLDER V\u00c6GARM"},"content":{"rendered":"<p>V\u00e6gmonteret tabletholder med leddelt arm i stilrent og funktionelt design til tablets i st\u00f8rrelserne 7\u2033-13\u2033 (160-275 mm). Til information og offentligg\u00f8relse p\u00e5 messer, i salgs- og udstillingslokaler og andre steder. T\u00e6t p\u00e5 v\u00e6ggen og nem montering. Holderen, med gummibelagte overflader, der beskytter tabletten mod ridser og skader, kan drejes 360\u00b0 med fire stoppositioner for hver 90\u00b0, til brug i st\u00e5ende eller liggende format. Den er meget nem at tilpasse til dine behov takket v\u00e6re, at den kan vippes trinl\u00f8st op og ned fra -6\u00b0 til + 46\u00b0 og drejes 170\u00b0 til h\u00f8jre og venstre. Tabletten er nem at inds\u00e6tte og tage ud af holderen, som er l\u00e5st med en speciel n\u00f8gle for at forhindre tyveri. Ladekablet tilsluttes gennem en \u00e5bning i holderen. Armen kan drejes 180\u00b0 sidev\u00e6rts og kan forl\u00e6nges til 365 mm. Let at installere, st\u00e6rkt og sikkert v\u00e6gbeslag inklusive skrue og prop.<br \/>\nMaksimal v\u00e6gt for tabletten 1 kg.<br \/>\nMaterialer: metalplade, aluminium, ABS-plast<br \/>\nDimensioner: 95 x 225 x 170 mm (B x H x D)<\/p>","protected":false},"excerpt":{"rendered":"<p>Tabletholder. V\u00e6gbeslag med leddelt svingarm til en eller flere brugere. <\/p>","protected":false},"featured_media":135764,"template":"","meta":{"_acf_changed":false},"product_brand":[],"product_cat":[4236],"product_tag":[4382],"class_list":{"0":"post-116275","1":"product","2":"type-product","3":"status-publish","4":"has-post-thumbnail","6":"product_cat-surfplattehallare","7":"product_tag-silver","8":"product_shipping_class-tunga-paket","9":"pa_brands-durable","10":"pa_farg-silver","11":"tm-no-options","13":"first","14":"instock","15":"sale","16":"taxable","17":"shipping-taxable","18":"purchasable","19":"product-type-simple"},"acf":[],"_links":{"self":[{"href":"https:\/\/secureus.se\/dk\/wp-json\/wp\/v2\/product\/116275","targetHints":{"allow":["GET"]}}],"collection":[{"href":"https:\/\/secureus.se\/dk\/wp-json\/wp\/v2\/product"}],"about":[{"href":"https:\/\/secureus.se\/dk\/wp-json\/wp\/v2\/types\/product"}],"wp:featuredmedia":[{"embeddable":true,"href":"https:\/\/secureus.se\/dk\/wp-json\/wp\/v2\/media\/135764"}],"wp:attachment":[{"href":"https:\/\/secureus.se\/dk\/wp-json\/wp\/v2\/media?parent=116275"}],"wp:term":[{"taxonomy":"product_brand","embeddable":true,"href":"https:\/\/secureus.se\/dk\/wp-json\/wp\/v2\/product_brand?post=116275"},{"taxonomy":"product_cat","embeddable":true,"href":"https:\/\/secureus.se\/dk\/wp-json\/wp\/v2\/product_cat?post=116275"},{"taxonomy":"product_tag","embeddable":true,"href":"https:\/\/secureus.se\/dk\/wp-json\/wp\/v2\/product_tag?post=116275"}],"curies":[{"name":"wp","href":"https:\/\/api.w.org\/{rel}","templated":true}]}}