{"id":116280,"date":"2024-11-05T17:04:58","date_gmt":"2024-11-05T16:04:58","guid":{"rendered":"https:\/\/secureus.se\/?post_type=product&#038;p=116280"},"modified":"2026-01-12T12:37:28","modified_gmt":"2026-01-12T11:37:28","slug":"vario-magnet-wall-10","status":"publish","type":"product","link":"https:\/\/secureus.se\/dk\/vario-magnet-wall-10\/","title":{"rendered":"VARIO\u00ae MAGNETV\u00c6G 10"},"content":{"rendered":"<p>Informations- og pr\u00e6sentationsstande, der har mange forskellige navne; panel, display, oversigtssystem, vingeregister, PLU holder, dokumentholder, lathund.... Uanset navnet har den mange anvendelsesmuligheder i varehuse, butikker, udstillinger mv. Hyppigt brugte informationer gemmes, findes hurtigt og kan nemt ses i oversigtssystemet. VARIO\u00ae MAGNET WALL er et komplet v\u00e6gstativ med 10 ikke-reflekterende, scanbare polypropylenplastlommer (sorte) til dokumenter i A4-format. Kraftig magnet p\u00e5 bagsiden til ops\u00e6tning p\u00e5 f.eks. metalhylder, pallereoler eller maskiner. Ved ind- og udtagning af lommerne er det godt at b\u00f8je lommen lidt forsigtigt p\u00e5 midten langs den indvendige langside, s\u00e5 det er nemt at ind- og udtage lommen uden at beskadige piggene i holderen. 5 \u00e5rs garanti. Garantibetingelserne kan findes her: https:\/\/www.durable.se\/sv_SE\/service\/garanti\/garanti-foer-sherpa-vario\/<\/p>","protected":false},"excerpt":{"rendered":"<p>Komplet v\u00e6greol lavet af metal med en kraftig magnet p\u00e5 bagsiden og 10 vendbare A4 paneler.<\/p>","protected":false},"featured_media":136247,"template":"","meta":{"_acf_changed":false},"product_brand":[],"product_cat":[4298],"product_tag":[4381],"class_list":{"0":"post-116280","1":"product","2":"type-product","3":"status-publish","4":"has-post-thumbnail","6":"product_cat-bladderstall-bord","7":"product_tag-svart","8":"product_shipping_class-tunga-paket","9":"pa_brands-durable","10":"pa_farg-svart","11":"tm-no-options","13":"first","14":"instock","15":"sale","16":"taxable","17":"shipping-taxable","18":"purchasable","19":"product-type-simple"},"acf":[],"_links":{"self":[{"href":"https:\/\/secureus.se\/dk\/wp-json\/wp\/v2\/product\/116280","targetHints":{"allow":["GET"]}}],"collection":[{"href":"https:\/\/secureus.se\/dk\/wp-json\/wp\/v2\/product"}],"about":[{"href":"https:\/\/secureus.se\/dk\/wp-json\/wp\/v2\/types\/product"}],"wp:featuredmedia":[{"embeddable":true,"href":"https:\/\/secureus.se\/dk\/wp-json\/wp\/v2\/media\/136247"}],"wp:attachment":[{"href":"https:\/\/secureus.se\/dk\/wp-json\/wp\/v2\/media?parent=116280"}],"wp:term":[{"taxonomy":"product_brand","embeddable":true,"href":"https:\/\/secureus.se\/dk\/wp-json\/wp\/v2\/product_brand?post=116280"},{"taxonomy":"product_cat","embeddable":true,"href":"https:\/\/secureus.se\/dk\/wp-json\/wp\/v2\/product_cat?post=116280"},{"taxonomy":"product_tag","embeddable":true,"href":"https:\/\/secureus.se\/dk\/wp-json\/wp\/v2\/product_tag?post=116280"}],"curies":[{"name":"wp","href":"https:\/\/api.w.org\/{rel}","templated":true}]}}