{"id":116301,"date":"2024-11-05T17:22:44","date_gmt":"2024-11-05T16:22:44","guid":{"rendered":"https:\/\/secureus.se\/?post_type=product&#038;p=116301"},"modified":"2026-01-12T12:46:49","modified_gmt":"2026-01-12T11:46:49","slug":"sjalvhaftande-ficka-pocketfix-75x18-10-st","status":"publish","type":"product","link":"https:\/\/secureus.se\/dk\/sjalvhaftande-ficka-pocketfix-75x18-10-st\/","title":{"rendered":"Selvkl\u00e6bende lomme POCKETFIX\u00ae 75\u00d718 10 stk"},"content":{"rendered":"<p>Etiketbindere, mapper, \u00e6sker, brevkasser med etiketter, der s\u00e6ttes i en selvkl\u00e6bende POCKETFIX\u00ae lomme. Den gennemsigtige lomme er lavet af polypropylenplast. Denne lange smalle lomme har en \u00e5bning langs den ene kortside og et tommelfingergreb for nem fjernelse af kort. Kommer med hvide etiketter p\u00e5 ark, der kan printes i printer. I det gratis program DURAPRINT\u00ae er der en skabelon til at lave etiketten. Indvendige m\u00e5l: 75\u00d718. Yderm\u00e5l: 81\u00d722 mm (BxH). Taske med 10 lommer.<\/p>","protected":false},"excerpt":{"rendered":"<p>Selvkl\u00e6bende lomme med \u00e5bning p\u00e5 den ene kortside. Til etiketter i format 75\u00d718.<\/p>","protected":false},"featured_media":135401,"template":"","meta":{"_acf_changed":false},"product_brand":[],"product_cat":[4252],"product_tag":[4376],"class_list":{"0":"post-116301","1":"product","2":"type-product","3":"status-publish","4":"has-post-thumbnail","6":"product_cat-sjalvhaftande-fickor","7":"product_tag-transparent","8":"product_shipping_class-tunga-paket","9":"pa_brands-durable","10":"pa_farg-transparent","11":"tm-no-options","13":"first","14":"instock","15":"sale","16":"taxable","17":"shipping-taxable","18":"purchasable","19":"product-type-simple"},"acf":[],"_links":{"self":[{"href":"https:\/\/secureus.se\/dk\/wp-json\/wp\/v2\/product\/116301","targetHints":{"allow":["GET"]}}],"collection":[{"href":"https:\/\/secureus.se\/dk\/wp-json\/wp\/v2\/product"}],"about":[{"href":"https:\/\/secureus.se\/dk\/wp-json\/wp\/v2\/types\/product"}],"wp:featuredmedia":[{"embeddable":true,"href":"https:\/\/secureus.se\/dk\/wp-json\/wp\/v2\/media\/135401"}],"wp:attachment":[{"href":"https:\/\/secureus.se\/dk\/wp-json\/wp\/v2\/media?parent=116301"}],"wp:term":[{"taxonomy":"product_brand","embeddable":true,"href":"https:\/\/secureus.se\/dk\/wp-json\/wp\/v2\/product_brand?post=116301"},{"taxonomy":"product_cat","embeddable":true,"href":"https:\/\/secureus.se\/dk\/wp-json\/wp\/v2\/product_cat?post=116301"},{"taxonomy":"product_tag","embeddable":true,"href":"https:\/\/secureus.se\/dk\/wp-json\/wp\/v2\/product_tag?post=116301"}],"curies":[{"name":"wp","href":"https:\/\/api.w.org\/{rel}","templated":true}]}}