{"id":116347,"date":"2024-11-20T13:56:48","date_gmt":"2024-11-20T12:56:48","guid":{"rendered":"https:\/\/secureus.se\/?post_type=product&#038;p=116347"},"modified":"2026-01-12T12:29:28","modified_gmt":"2026-01-12T11:29:28","slug":"infoficka-a4-statisk-vidhaftning-1-st","status":"publish","type":"product","link":"https:\/\/secureus.se\/dk\/infoficka-a4-statisk-vidhaftning-1-st\/","title":{"rendered":"Infolomme A4 statisk kl\u00e6ber 1 stk"},"content":{"rendered":"<p>Brug infolommen til tilbud, annoncering og information placeret p\u00e5 indersiden af glasdiske, butiksruder eller bilruder. Lommen kl\u00e6ber statisk til velrensede, glatte glasoverflader - selv buede - og efterlader ingen m\u00e6rker, n\u00e5r den fjernes. Varmebestandig op til 70\u00b0 og UV-stabil op til 2 \u00e5r. Et aflangt hul langs midten af lommen letter inds\u00e6ttelse eller udskiftning af dokumenter. Kan bruges flere gange og i st\u00e5ende eller liggende format.<br \/>\nFor dokumenter i A4-format, indvendige m\u00e5l 303\u00d7216 mm. Yderm\u00e5l 323\u00d7236 mm.<br \/>\nEmballage med 1 stk.<\/p>","protected":false},"excerpt":{"rendered":"<p>Infolomme til indvendige glasflader - ogs\u00e5 buede, f.eks<\/p>","protected":false},"featured_media":134678,"template":"","meta":{"_acf_changed":false},"product_brand":[],"product_cat":[4294],"product_tag":[4394],"class_list":{"0":"post-116347","1":"product","2":"type-product","3":"status-publish","4":"has-post-thumbnail","6":"product_cat-inforamar-for-solexponerade-ytor","7":"product_tag-antracitgra","8":"product_shipping_class-tunga-paket","9":"pa_brands-durable","10":"pa_farg-antracitgra","11":"tm-no-options","13":"first","14":"instock","15":"sale","16":"taxable","17":"shipping-taxable","18":"purchasable","19":"product-type-simple"},"acf":[],"_links":{"self":[{"href":"https:\/\/secureus.se\/dk\/wp-json\/wp\/v2\/product\/116347","targetHints":{"allow":["GET"]}}],"collection":[{"href":"https:\/\/secureus.se\/dk\/wp-json\/wp\/v2\/product"}],"about":[{"href":"https:\/\/secureus.se\/dk\/wp-json\/wp\/v2\/types\/product"}],"wp:featuredmedia":[{"embeddable":true,"href":"https:\/\/secureus.se\/dk\/wp-json\/wp\/v2\/media\/134678"}],"wp:attachment":[{"href":"https:\/\/secureus.se\/dk\/wp-json\/wp\/v2\/media?parent=116347"}],"wp:term":[{"taxonomy":"product_brand","embeddable":true,"href":"https:\/\/secureus.se\/dk\/wp-json\/wp\/v2\/product_brand?post=116347"},{"taxonomy":"product_cat","embeddable":true,"href":"https:\/\/secureus.se\/dk\/wp-json\/wp\/v2\/product_cat?post=116347"},{"taxonomy":"product_tag","embeddable":true,"href":"https:\/\/secureus.se\/dk\/wp-json\/wp\/v2\/product_tag?post=116347"}],"curies":[{"name":"wp","href":"https:\/\/api.w.org\/{rel}","templated":true}]}}