{"id":116384,"date":"2024-11-20T14:11:21","date_gmt":"2024-11-20T13:11:21","guid":{"rendered":"https:\/\/secureus.se\/?post_type=product&#038;p=116384"},"modified":"2025-09-15T12:53:38","modified_gmt":"2025-09-15T10:53:38","slug":"kabelsamlare-cavoline-grip-10-2","status":"publish","type":"product","link":"https:\/\/secureus.se\/dk\/kabelsamlare-cavoline-grip-10-2\/","title":{"rendered":"Kabelsamler CAVOLINE\u00ae GRIP 10"},"content":{"rendered":"<p>Hold kablerne i orden med CAVOLINE\u00ae b\u00e5de p\u00e5 kontoret og i hjemmet. Saml kablerne og det ser p\u00e6nere ud og er ogs\u00e5 nemmere at reng\u00f8re.<br \/>\nDen 1 cm brede velcro klippes i den \u00f8nskede l\u00e6ngde, s\u00e5 den passer til forskellige bundter. B\u00e5ndet kan bruges flere gange.<br \/>\n  M\u00e5l: 1 m x 1 cm (L x B)<\/p>","protected":false},"excerpt":{"rendered":"<p>Kabelsamler lavet af 1 cm bred velcrotape, der klippes i den \u00f8nskede l\u00e6ngde.<\/p>","protected":false},"featured_media":133736,"template":"","meta":{"_acf_changed":false},"product_brand":[],"product_cat":[4287],"product_tag":[4396],"class_list":{"0":"post-116384","1":"product","2":"type-product","3":"status-publish","4":"has-post-thumbnail","6":"product_cat-kabelsamlare","7":"product_tag-vit","8":"pa_brands-durable","9":"pa_farg-vit","10":"tm-no-options","12":"first","13":"instock","14":"sale","15":"taxable","16":"shipping-taxable","17":"purchasable","18":"product-type-simple"},"acf":[],"_links":{"self":[{"href":"https:\/\/secureus.se\/dk\/wp-json\/wp\/v2\/product\/116384","targetHints":{"allow":["GET"]}}],"collection":[{"href":"https:\/\/secureus.se\/dk\/wp-json\/wp\/v2\/product"}],"about":[{"href":"https:\/\/secureus.se\/dk\/wp-json\/wp\/v2\/types\/product"}],"wp:featuredmedia":[{"embeddable":true,"href":"https:\/\/secureus.se\/dk\/wp-json\/wp\/v2\/media\/133736"}],"wp:attachment":[{"href":"https:\/\/secureus.se\/dk\/wp-json\/wp\/v2\/media?parent=116384"}],"wp:term":[{"taxonomy":"product_brand","embeddable":true,"href":"https:\/\/secureus.se\/dk\/wp-json\/wp\/v2\/product_brand?post=116384"},{"taxonomy":"product_cat","embeddable":true,"href":"https:\/\/secureus.se\/dk\/wp-json\/wp\/v2\/product_cat?post=116384"},{"taxonomy":"product_tag","embeddable":true,"href":"https:\/\/secureus.se\/dk\/wp-json\/wp\/v2\/product_tag?post=116384"}],"curies":[{"name":"wp","href":"https:\/\/api.w.org\/{rel}","templated":true}]}}