{"id":116389,"date":"2024-11-05T17:09:51","date_gmt":"2024-11-05T16:09:51","guid":{"rendered":"https:\/\/secureus.se\/?post_type=product&#038;p=116389"},"modified":"2025-12-31T21:29:11","modified_gmt":"2025-12-31T20:29:11","slug":"tv-stativ-pa-hjul-coworksation","status":"publish","type":"product","link":"https:\/\/secureus.se\/dk\/tv-stativ-pa-hjul-coworksation\/","title":{"rendered":"TV stativ p\u00e5 hjul COWORKSATION\u00ae"},"content":{"rendered":"<p>Digitale pr\u00e6sentationer og videom\u00f8der for mindre grupper p\u00e5 forskellige typer m\u00f8desteder, s\u00e5som grupperum, fleksible kontorer og konferencelokaler, bliver smidige og faciliteres af en flytbar enhed til sk\u00e6rm og computer. Stort h\u00e5ndtag, der g\u00f8r det nemt at rulle stativet, som har 75 mm hjul med bremse, s\u00e5 det ogs\u00e5 st\u00e5r stabilt, n\u00e5r det er i brug. Boksen er lavet af limet kvalitets CDF (tr\u00e6) og har flere \u00e5bninger til kabler og varmeafledning. I det \u00f8verste rum er der plads til sm\u00e5ting som fjernbetjening, mus, tastatur, kabler osv. Rummet med grebshuller har plads til en mini-pc og det nederste rum er beregnet til tilbeh\u00f8r som tilslutningsledning, str\u00f8mskinne og batterier. Str\u00f8mtilslutningskablet forbindes p\u00e5 bagsiden af aluminiumsstolpen, laptop-tilslutningen p\u00e5 siden og i bunden af fronten er \u00e5bningen til ladekabler. H\u00f8jden p\u00e5 TV\/sk\u00e6rm er justerbar under montering. Sk\u00e6rmen kan placeres helt i kanten af bordet, mens hjulene og skuffen, der har en h\u00f8jde p\u00e5 59 cm, kan skydes ind og skjules under bordet. Sk\u00e6rmen er fastgjort til VESA-beslaget til standard 75\u00d775 til 200\u00d7200. Maksimal sk\u00e6rmst\u00f8rrelse 19-43\u201d (48\u00d7109 cm) og v\u00e6gt op til 18 kg, maksimale m\u00e5l for tastaturet der kan passe i \u00e6sken 479 x 186 x 28 mm (LxBxH). Klarer en samlet belastning p\u00e5 25 kg.<\/p>","protected":false},"excerpt":{"rendered":"<p>Praktisk tv- og multimediestativ p\u00e5 hjul til digitale pr\u00e6sentationer og videom\u00f8der. VESA beslag til sk\u00e6rm og \u00e6ske med forskellige rum til opbevaring af computer, tastatur, fjernbetjening, kabler mm.  <\/p>","protected":false},"featured_media":135443,"template":"","meta":{"_acf_changed":false},"product_brand":[],"product_cat":[4241],"product_tag":[4396],"class_list":{"0":"post-116389","1":"product","2":"type-product","3":"status-publish","4":"has-post-thumbnail","6":"product_cat-datortillbehor","7":"product_tag-vit","8":"product_shipping_class-tunga-paket","9":"pa_brands-durable","10":"pa_farg-vit","11":"tm-no-options","13":"first","14":"instock","15":"sale","16":"taxable","17":"shipping-taxable","18":"purchasable","19":"product-type-simple"},"acf":[],"_links":{"self":[{"href":"https:\/\/secureus.se\/dk\/wp-json\/wp\/v2\/product\/116389","targetHints":{"allow":["GET"]}}],"collection":[{"href":"https:\/\/secureus.se\/dk\/wp-json\/wp\/v2\/product"}],"about":[{"href":"https:\/\/secureus.se\/dk\/wp-json\/wp\/v2\/types\/product"}],"wp:featuredmedia":[{"embeddable":true,"href":"https:\/\/secureus.se\/dk\/wp-json\/wp\/v2\/media\/135443"}],"wp:attachment":[{"href":"https:\/\/secureus.se\/dk\/wp-json\/wp\/v2\/media?parent=116389"}],"wp:term":[{"taxonomy":"product_brand","embeddable":true,"href":"https:\/\/secureus.se\/dk\/wp-json\/wp\/v2\/product_brand?post=116389"},{"taxonomy":"product_cat","embeddable":true,"href":"https:\/\/secureus.se\/dk\/wp-json\/wp\/v2\/product_cat?post=116389"},{"taxonomy":"product_tag","embeddable":true,"href":"https:\/\/secureus.se\/dk\/wp-json\/wp\/v2\/product_tag?post=116389"}],"curies":[{"name":"wp","href":"https:\/\/api.w.org\/{rel}","templated":true}]}}