{"id":116454,"date":"2024-12-07T15:21:12","date_gmt":"2024-12-07T14:21:12","guid":{"rendered":"https:\/\/secureus.se\/?post_type=product&#038;p=116454"},"modified":"2026-01-12T12:08:21","modified_gmt":"2026-01-12T11:08:21","slug":"nyckelskap-key-box-36-med-cylinderlas","status":"publish","type":"product","link":"https:\/\/secureus.se\/dk\/nyckelskap-key-box-36-med-cylinderlas\/","title":{"rendered":"N\u00f8gleskab KEY BOX 36 med cylinderl\u00e5s"},"content":{"rendered":"<p>Med et n\u00f8gleskab er der et naturligt sted at samle og opbevare n\u00f8glerne, hvilket skaber bedre orden og tryghed. Durables designserie N\u00d8GLEBOKS med forskellige n\u00f8gleskabe er fremstillet i aluminium med overskuelig indholdsfortegnelse p\u00e5 indersiden af d\u00f8ren. N\u00f8glebrikkerne er specialdesignet til at h\u00e6nge mellem to kroge p\u00e5 n\u00f8glestrimlen, hvilket betyder, at markeringen er tydeligt synlig og n\u00f8glen h\u00e6nger bag ved n\u00f8gleringen. Der medf\u00f8lger et s\u00e6t med 6 n\u00f8glebrikker i r\u00f8d, gul, bl\u00e5 og sort samt skruer og propper til montering. Skabeloner til udskrivning af etiketter til n\u00f8glebrikker og n\u00f8gleliste kan downloades fra https:\/\/www.durable.se\/service\/ladda-ner\/mallar.html. Dette n\u00f8gleskab har en cylinderl\u00e5s, der kommer med 2 n\u00f8gler og plads til 36 n\u00f8gler. Det forreste tastatur kan fyldes op med flere n\u00f8glestrimler p\u00e5 bagsiden for at rumme flere n\u00f8gler. M\u00e5l: 28x30x12cm HxBxD<br \/>\nTilbeh\u00f8r: Ekstra n\u00f8glebrikker artikelnummer 1957 i forskellige farver. <\/p>","protected":false},"excerpt":{"rendered":"<p>N\u00f8gleskab i aluminium til opbevaring af 36 n\u00f8gler.<\/p>","protected":false},"featured_media":135319,"template":"","meta":{"_acf_changed":false},"product_brand":[],"product_cat":[1932],"product_tag":[4382],"class_list":{"0":"post-116454","1":"product","2":"type-product","3":"status-publish","4":"has-post-thumbnail","6":"product_cat-nyckelgomma-nyckelbox","7":"product_tag-silver","8":"product_shipping_class-tunga-paket","9":"pa_brands-durable","10":"pa_farg-silver","11":"tm-no-options","13":"first","14":"instock","15":"sale","16":"taxable","17":"shipping-taxable","18":"purchasable","19":"product-type-simple"},"acf":[],"_links":{"self":[{"href":"https:\/\/secureus.se\/dk\/wp-json\/wp\/v2\/product\/116454","targetHints":{"allow":["GET"]}}],"collection":[{"href":"https:\/\/secureus.se\/dk\/wp-json\/wp\/v2\/product"}],"about":[{"href":"https:\/\/secureus.se\/dk\/wp-json\/wp\/v2\/types\/product"}],"wp:featuredmedia":[{"embeddable":true,"href":"https:\/\/secureus.se\/dk\/wp-json\/wp\/v2\/media\/135319"}],"wp:attachment":[{"href":"https:\/\/secureus.se\/dk\/wp-json\/wp\/v2\/media?parent=116454"}],"wp:term":[{"taxonomy":"product_brand","embeddable":true,"href":"https:\/\/secureus.se\/dk\/wp-json\/wp\/v2\/product_brand?post=116454"},{"taxonomy":"product_cat","embeddable":true,"href":"https:\/\/secureus.se\/dk\/wp-json\/wp\/v2\/product_cat?post=116454"},{"taxonomy":"product_tag","embeddable":true,"href":"https:\/\/secureus.se\/dk\/wp-json\/wp\/v2\/product_tag?post=116454"}],"curies":[{"name":"wp","href":"https:\/\/api.w.org\/{rel}","templated":true}]}}