{"id":116506,"date":"2024-11-05T16:58:00","date_gmt":"2024-11-05T15:58:00","guid":{"rendered":"https:\/\/secureus.se\/?post_type=product&#038;p=116506"},"modified":"2026-03-11T14:41:01","modified_gmt":"2026-03-11T13:41:01","slug":"golvstativ-snappram-a4","status":"publish","type":"product","link":"https:\/\/secureus.se\/dk\/golvstativ-snappram-a4\/","title":{"rendered":"Gulvstativ snapramme A4"},"content":{"rendered":"<p>Skiltestander med snapramme og forkromet teleskopstativ, der er trinvis justerbar fra 77 til 120 cm (i portr\u00e6t A4). Meget nyttig p\u00e5 museer, udstillinger, receptioner og andre steder for at vise information, som m\u00e5ske skal udskiftes p\u00e5 et tidspunkt. Skift indsatsen ved at folde alle 4 sideprofiler op og fjerne den UV-bestandige og anti-reflekterende plastfront, der beskytter indsatsen. Rammen er lavet af en anodiseret aluminiumsprofil, som g\u00f8r aluminiumsoverfladen mere holdbar. Bagsiden af informationsstanderen er lavet af slidst\u00e6rkt polystyren. Justerbar l\u00e6sevinkel og roterbar til at blive placeret i st\u00e5ende eller liggende format. Rund fod (\u00d8 25 cm) som har en gummiring under for at beskytte gulvet mod ridser. Foden kan ogs\u00e5 fyldes med 1,1 kg sand for ekstra stabilitet.<br \/>\nTilbeh\u00f8r: 1,5 kg sand, vare nr. 333516.<\/p>","protected":false},"excerpt":{"rendered":"<p>Gulvst\u00e5ende skilteholder med snapramme til A4-format. Justerbar i h\u00f8jden og l\u00e6sevinkel og kan drejes til st\u00e5ende eller liggende format.<\/p>","protected":false},"featured_media":137014,"template":"","meta":{"_acf_changed":false},"product_brand":[],"product_cat":[4304],"product_tag":[4382],"class_list":{"0":"post-116506","1":"product","2":"type-product","3":"status-publish","4":"has-post-thumbnail","6":"product_cat-broschyrstall-golvstativ","7":"product_tag-silver","8":"product_shipping_class-tunga-paket","9":"pa_brands-durable","10":"pa_farg-silver","11":"tm-no-options","13":"first","14":"instock","15":"sale","16":"taxable","17":"shipping-taxable","18":"purchasable","19":"product-type-simple"},"acf":[],"_links":{"self":[{"href":"https:\/\/secureus.se\/dk\/wp-json\/wp\/v2\/product\/116506","targetHints":{"allow":["GET"]}}],"collection":[{"href":"https:\/\/secureus.se\/dk\/wp-json\/wp\/v2\/product"}],"about":[{"href":"https:\/\/secureus.se\/dk\/wp-json\/wp\/v2\/types\/product"}],"wp:featuredmedia":[{"embeddable":true,"href":"https:\/\/secureus.se\/dk\/wp-json\/wp\/v2\/media\/137014"}],"wp:attachment":[{"href":"https:\/\/secureus.se\/dk\/wp-json\/wp\/v2\/media?parent=116506"}],"wp:term":[{"taxonomy":"product_brand","embeddable":true,"href":"https:\/\/secureus.se\/dk\/wp-json\/wp\/v2\/product_brand?post=116506"},{"taxonomy":"product_cat","embeddable":true,"href":"https:\/\/secureus.se\/dk\/wp-json\/wp\/v2\/product_cat?post=116506"},{"taxonomy":"product_tag","embeddable":true,"href":"https:\/\/secureus.se\/dk\/wp-json\/wp\/v2\/product_tag?post=116506"}],"curies":[{"name":"wp","href":"https:\/\/api.w.org\/{rel}","templated":true}]}}