{"id":116683,"date":"2024-11-05T17:13:27","date_gmt":"2024-11-05T16:13:27","guid":{"rendered":"https:\/\/secureus.se\/?post_type=product&#038;p=116683"},"modified":"2026-01-12T12:55:22","modified_gmt":"2026-01-12T11:55:22","slug":"tablet-holder-table-xl","status":"publish","type":"product","link":"https:\/\/secureus.se\/dk\/tablet-holder-table-xl\/","title":{"rendered":"TABLETHOLDER BORD XL"},"content":{"rendered":"<p>Tabletholder i stilrent og funktionelt design til tablets i st\u00f8rrelserne 7&quot;-13&quot; (160-275 mm). Til brug i industri, lagre og transportsektoren, hvor tabletter anvendes med beskyttelsescover eller cover. Stabilt og stabilt bordstativ, der kan vinkles trinl\u00f8st fra 0\u00b0 til 88\u00b0. Holderen, til tablets uden eller med etui op til 23 mm tyk, kan drejes 360\u00b0 med fire stoppositioner for hver 90\u00b0, til brug i st\u00e5ende eller liggende format. Tabletten kan nemt tages ud af holderen og tages med til digital kontrol, processer og analyser. Ladekablet tilsluttes gennem en \u00e5bning i holderen.<br \/>\nMaksimal v\u00e6gt for tabletten 1 kg.<br \/>\nMaterialer: metalplade, aluminium, ABS-plast<br \/>\nDimensioner: 155 x 242 x 183 mm (B x H x D)<\/p>","protected":false},"excerpt":{"rendered":"<p>Tabletholder, der passer til tabletter med et beskyttende l\u00e5g p\u00e5 op til 23 mm tykkelse. Bordstativ til brug i milj\u00f8er, hvor tabletter anvendes med beskyttende etui eller skal, f.eks. i produktionsanl\u00e6g, p\u00e5 lager og i transportsektoren.<\/p>","protected":false},"featured_media":136563,"template":"","meta":{"_acf_changed":false},"product_brand":[],"product_cat":[4236],"product_tag":[4382],"class_list":{"0":"post-116683","1":"product","2":"type-product","3":"status-publish","4":"has-post-thumbnail","6":"product_cat-surfplattehallare","7":"product_tag-silver","8":"product_shipping_class-tunga-paket","9":"pa_brands-durable","10":"pa_farg-silver","11":"tm-no-options","13":"first","14":"instock","15":"sale","16":"taxable","17":"shipping-taxable","18":"purchasable","19":"product-type-simple"},"acf":[],"_links":{"self":[{"href":"https:\/\/secureus.se\/dk\/wp-json\/wp\/v2\/product\/116683","targetHints":{"allow":["GET"]}}],"collection":[{"href":"https:\/\/secureus.se\/dk\/wp-json\/wp\/v2\/product"}],"about":[{"href":"https:\/\/secureus.se\/dk\/wp-json\/wp\/v2\/types\/product"}],"wp:featuredmedia":[{"embeddable":true,"href":"https:\/\/secureus.se\/dk\/wp-json\/wp\/v2\/media\/136563"}],"wp:attachment":[{"href":"https:\/\/secureus.se\/dk\/wp-json\/wp\/v2\/media?parent=116683"}],"wp:term":[{"taxonomy":"product_brand","embeddable":true,"href":"https:\/\/secureus.se\/dk\/wp-json\/wp\/v2\/product_brand?post=116683"},{"taxonomy":"product_cat","embeddable":true,"href":"https:\/\/secureus.se\/dk\/wp-json\/wp\/v2\/product_cat?post=116683"},{"taxonomy":"product_tag","embeddable":true,"href":"https:\/\/secureus.se\/dk\/wp-json\/wp\/v2\/product_tag?post=116683"}],"curies":[{"name":"wp","href":"https:\/\/api.w.org\/{rel}","templated":true}]}}