{"id":116716,"date":"2024-11-05T16:53:09","date_gmt":"2024-11-05T15:53:09","guid":{"rendered":"https:\/\/secureus.se\/?post_type=product&#038;p=116716"},"modified":"2026-01-12T12:44:31","modified_gmt":"2026-01-12T11:44:31","slug":"etiketthallare-labelfix-200x15-mm","status":"publish","type":"product","link":"https:\/\/secureus.se\/dk\/etiketthallare-labelfix-200x15-mm\/","title":{"rendered":"Etiketholder LABELFIX\u00ae 200\u00d715 mm"},"content":{"rendered":"<p>Selvkl\u00e6bende etiketholder LABELFIX\u00ae til m\u00e6rkning af hyldekanter, rum, skuffer og skabe. Der medf\u00f8lger hvide labels og holderen kan klippes til i den \u00f8nskede l\u00e6ngde. \u00c5bning p\u00e5 siden til etiketter, der ikke skal skiftes s\u00e6rlig ofte. Gratis skabeloner til at designe og printe stilfulde etiketter er tilg\u00e6ngelige p\u00e5 www.duraprint.se. Dimensioner: 200 x 15 mm (BxH)<\/p>","protected":false},"excerpt":{"rendered":"<p>Selvkl\u00e6bende etiketholder til m\u00e6rkning af f.eks. hyldekanter eller \u00e6sker. \u00c5ben p\u00e5 siden. Skriveh\u00f8jde 1,5 cm, l\u00e6ngde 20 cm.<\/p>","protected":false},"featured_media":136435,"template":"","meta":{"_acf_changed":false},"product_brand":[],"product_cat":[4335],"product_tag":[4376],"class_list":{"0":"post-116716","1":"product","2":"type-product","3":"status-publish","4":"has-post-thumbnail","6":"product_cat-etiketthallare","7":"product_tag-transparent","8":"product_shipping_class-tunga-paket","9":"pa_brands-durable","10":"pa_farg-transparent","11":"tm-no-options","13":"first","14":"instock","15":"sale","16":"taxable","17":"shipping-taxable","18":"purchasable","19":"product-type-simple"},"acf":[],"_links":{"self":[{"href":"https:\/\/secureus.se\/dk\/wp-json\/wp\/v2\/product\/116716","targetHints":{"allow":["GET"]}}],"collection":[{"href":"https:\/\/secureus.se\/dk\/wp-json\/wp\/v2\/product"}],"about":[{"href":"https:\/\/secureus.se\/dk\/wp-json\/wp\/v2\/types\/product"}],"wp:featuredmedia":[{"embeddable":true,"href":"https:\/\/secureus.se\/dk\/wp-json\/wp\/v2\/media\/136435"}],"wp:attachment":[{"href":"https:\/\/secureus.se\/dk\/wp-json\/wp\/v2\/media?parent=116716"}],"wp:term":[{"taxonomy":"product_brand","embeddable":true,"href":"https:\/\/secureus.se\/dk\/wp-json\/wp\/v2\/product_brand?post=116716"},{"taxonomy":"product_cat","embeddable":true,"href":"https:\/\/secureus.se\/dk\/wp-json\/wp\/v2\/product_cat?post=116716"},{"taxonomy":"product_tag","embeddable":true,"href":"https:\/\/secureus.se\/dk\/wp-json\/wp\/v2\/product_tag?post=116716"}],"curies":[{"name":"wp","href":"https:\/\/api.w.org\/{rel}","templated":true}]}}