{"id":116717,"date":"2024-11-05T17:01:48","date_gmt":"2024-11-05T16:01:48","guid":{"rendered":"https:\/\/secureus.se\/?post_type=product&#038;p=116717"},"modified":"2026-02-02T14:41:49","modified_gmt":"2026-02-02T13:41:49","slug":"varseldekal-varning-for-truckar","status":"publish","type":"product","link":"https:\/\/secureus.se\/dk\/varseldekal-varning-for-truckar\/","title":{"rendered":"Advarselsm\u00e6rkat &quot;Advarsel for gaffeltrucks&quot;"},"content":{"rendered":"<p>Selvkl\u00e6bende stort gulvm\u00e6rkat &quot;Advarsel for lastbil&quot; informerer tydeligt bes\u00f8gende og personale om at se godt efter, n\u00e5r de f\u00e6rdes i omr\u00e5det for at mindske risikoen for ulykker. Fastg\u00f8res til rene og t\u00f8rre betongulve. Slidst\u00e6rkt og holdbart med skridsikre rating R9 i henhold til DIN 51130. Skiltene opfylder kravene i ISO 7010.<br \/>\nM\u00e5l: \u00d8 430 mm, tykkelse 0,4 mm<\/p>","protected":false},"excerpt":{"rendered":"<p>Selvkl\u00e6bende advarselsskilt til gulvp\u00e5f\u00f8ring. Advarer tydeligt bes\u00f8gende og personale om at passe p\u00e5 lastbiltrafikken for et sikrere arbejdsmilj\u00f8.<\/p>","protected":false},"featured_media":136012,"template":"","meta":{"_acf_changed":false},"product_brand":[],"product_cat":[4307],"product_tag":[4395],"class_list":{"0":"post-116717","1":"product","2":"type-product","3":"status-publish","4":"has-post-thumbnail","6":"product_cat-sakerhetsmarkning","7":"product_tag-gul","8":"product_shipping_class-tunga-paket","9":"pa_brands-durable","10":"pa_farg-gul","11":"tm-no-options","13":"first","14":"instock","15":"sale","16":"taxable","17":"shipping-taxable","18":"purchasable","19":"product-type-simple"},"acf":[],"_links":{"self":[{"href":"https:\/\/secureus.se\/dk\/wp-json\/wp\/v2\/product\/116717","targetHints":{"allow":["GET"]}}],"collection":[{"href":"https:\/\/secureus.se\/dk\/wp-json\/wp\/v2\/product"}],"about":[{"href":"https:\/\/secureus.se\/dk\/wp-json\/wp\/v2\/types\/product"}],"wp:featuredmedia":[{"embeddable":true,"href":"https:\/\/secureus.se\/dk\/wp-json\/wp\/v2\/media\/136012"}],"wp:attachment":[{"href":"https:\/\/secureus.se\/dk\/wp-json\/wp\/v2\/media?parent=116717"}],"wp:term":[{"taxonomy":"product_brand","embeddable":true,"href":"https:\/\/secureus.se\/dk\/wp-json\/wp\/v2\/product_brand?post=116717"},{"taxonomy":"product_cat","embeddable":true,"href":"https:\/\/secureus.se\/dk\/wp-json\/wp\/v2\/product_cat?post=116717"},{"taxonomy":"product_tag","embeddable":true,"href":"https:\/\/secureus.se\/dk\/wp-json\/wp\/v2\/product_tag?post=116717"}],"curies":[{"name":"wp","href":"https:\/\/api.w.org\/{rel}","templated":true}]}}