{"id":116777,"date":"2024-11-05T16:51:40","date_gmt":"2024-11-05T15:51:40","guid":{"rendered":"https:\/\/secureus.se\/?post_type=product&#038;p=116777"},"modified":"2026-01-12T12:23:08","modified_gmt":"2026-01-12T11:23:08","slug":"dokumentficka-a4-sjalvhaftande-5st-frp","status":"publish","type":"product","link":"https:\/\/secureus.se\/dk\/dokumentficka-a4-sjalvhaftande-5st-frp\/","title":{"rendered":"Dokumentlomme A4 selvkl\u00e6bende 5 stk\/fr"},"content":{"rendered":"<p>Selvkl\u00e6bende dokumentlomme lavet af polypropylen til at vise og beskytte midlertidig information p\u00e5 f.eks. messer &amp; events, i butikker og p\u00e5 kontorer. UV stabil i op til 2 \u00e5r, t\u00e5ler varme op til ca. 50\u00b0 og nedk\u00f8ling til ca.<br \/>\nL\u00e6g det beskyttende, ikke-reflekterende ark \u2013 med tre kl\u00e6bende strimler p\u00e5 bagsiden \u2013 over dokumentet og s\u00e6t det op p\u00e5 en glat overflade indend\u00f8rs. Klar! P\u00e6n og lettere h\u00e5ndtering end f.eks. Tommelfingergreb for nemt at skifte indsats, n\u00e5r lommen er installeret. Kan fjernes fra underlaget uden at efterlade m\u00e6rker. Tapen kan adskilles fra plastikarket, s\u00e5 materialet kan kildesorteres for at blive genbrugt i 65%, n\u00e5r lommen bortskaffes.<br \/>\nFor dokumenter i A4-format, indvendige m\u00e5l 301\u00d7214 mm. Yderm\u00e5l 323\u00d7236 mm.<br \/>\nFarve: gr\u00e5plettet kant<br \/>\nEmballage med 5 stk.<\/p>","protected":false},"excerpt":{"rendered":"<p>Selvkl\u00e6bende inforamme, der indrammer og beskytter indl\u00e6gget mod snavs. Til information i A4 format, s\u00e6ttes op p\u00e5 glatte indend\u00f8rs overflader.<\/p>","protected":false},"featured_media":136170,"template":"","meta":{"_acf_changed":false},"product_brand":[],"product_cat":[4296],"product_tag":[4394],"class_list":{"0":"post-116777","1":"product","2":"type-product","3":"status-publish","4":"has-post-thumbnail","6":"product_cat-inforamar-for-slata-ytor","7":"product_tag-antracitgra","8":"product_shipping_class-tunga-paket","9":"pa_brands-durable","10":"pa_farg-antracitgra","11":"tm-no-options","13":"first","14":"instock","15":"sale","16":"taxable","17":"shipping-taxable","18":"purchasable","19":"product-type-simple"},"acf":[],"_links":{"self":[{"href":"https:\/\/secureus.se\/dk\/wp-json\/wp\/v2\/product\/116777","targetHints":{"allow":["GET"]}}],"collection":[{"href":"https:\/\/secureus.se\/dk\/wp-json\/wp\/v2\/product"}],"about":[{"href":"https:\/\/secureus.se\/dk\/wp-json\/wp\/v2\/types\/product"}],"wp:featuredmedia":[{"embeddable":true,"href":"https:\/\/secureus.se\/dk\/wp-json\/wp\/v2\/media\/136170"}],"wp:attachment":[{"href":"https:\/\/secureus.se\/dk\/wp-json\/wp\/v2\/media?parent=116777"}],"wp:term":[{"taxonomy":"product_brand","embeddable":true,"href":"https:\/\/secureus.se\/dk\/wp-json\/wp\/v2\/product_brand?post=116777"},{"taxonomy":"product_cat","embeddable":true,"href":"https:\/\/secureus.se\/dk\/wp-json\/wp\/v2\/product_cat?post=116777"},{"taxonomy":"product_tag","embeddable":true,"href":"https:\/\/secureus.se\/dk\/wp-json\/wp\/v2\/product_tag?post=116777"}],"curies":[{"name":"wp","href":"https:\/\/api.w.org\/{rel}","templated":true}]}}