{"id":116817,"date":"2024-11-05T16:58:48","date_gmt":"2024-11-05T15:58:48","guid":{"rendered":"https:\/\/secureus.se\/?post_type=product&#038;p=116817"},"modified":"2026-01-12T12:34:06","modified_gmt":"2026-01-12T11:34:06","slug":"skarmstativ-select-1-skarm-bordsfaste","status":"publish","type":"product","link":"https:\/\/secureus.se\/dk\/skarmstativ-select-1-skarm-bordsfaste\/","title":{"rendered":"Sk\u00e6rmstativ SELECT 1 sk\u00e6rm, bordmontering"},"content":{"rendered":"<p>Sk\u00e6rmstativ til 1 sk\u00e6rm, bordmontering ved hj\u00e6lp af kabelhulsbeslag eller bordbeslag.<br \/>\nSk\u00e6rmens h\u00f8jde, h\u00e6ldning og position kan nemt justeres for at lette ergonomisk arbejde.<br \/>\nKan drejes 360\u00b0 til brug i st\u00e5ende eller liggende position.<br \/>\nDen 3-leddede arm kan forl\u00e6nges til 43 cm.<br \/>\nTrinl\u00f8s h\u00f8jdejustering af sk\u00e6rmen p\u00e5 et 45 cm h\u00f8jt stativ<br \/>\nUniversal VESA-beslag (75 x 75 mm eller 100 x 100 mm)<br \/>\nTil standardsk\u00e6rme op til 27&quot; og maks. 8 kg<br \/>\nKabelstyring: Sk\u00e6rmkablet f\u00f8res langs stativet med 3 klemmer, som beskytter mod kabelbrud.<\/p>","protected":false},"excerpt":{"rendered":"<p>Sk\u00e6rmstativ SELECT med arm til 1 sk\u00e6rm, bordbeslag<\/p>","protected":false},"featured_media":136312,"template":"","meta":{"_acf_changed":false},"product_brand":[],"product_cat":[4243],"product_tag":[4382],"class_list":{"0":"post-116817","1":"product","2":"type-product","3":"status-publish","4":"has-post-thumbnail","6":"product_cat-skarmhallare","7":"product_tag-silver","8":"product_shipping_class-tunga-paket","9":"pa_brands-durable","10":"pa_farg-silver","11":"tm-no-options","13":"first","14":"instock","15":"sale","16":"taxable","17":"shipping-taxable","18":"purchasable","19":"product-type-simple"},"acf":[],"_links":{"self":[{"href":"https:\/\/secureus.se\/dk\/wp-json\/wp\/v2\/product\/116817","targetHints":{"allow":["GET"]}}],"collection":[{"href":"https:\/\/secureus.se\/dk\/wp-json\/wp\/v2\/product"}],"about":[{"href":"https:\/\/secureus.se\/dk\/wp-json\/wp\/v2\/types\/product"}],"wp:featuredmedia":[{"embeddable":true,"href":"https:\/\/secureus.se\/dk\/wp-json\/wp\/v2\/media\/136312"}],"wp:attachment":[{"href":"https:\/\/secureus.se\/dk\/wp-json\/wp\/v2\/media?parent=116817"}],"wp:term":[{"taxonomy":"product_brand","embeddable":true,"href":"https:\/\/secureus.se\/dk\/wp-json\/wp\/v2\/product_brand?post=116817"},{"taxonomy":"product_cat","embeddable":true,"href":"https:\/\/secureus.se\/dk\/wp-json\/wp\/v2\/product_cat?post=116817"},{"taxonomy":"product_tag","embeddable":true,"href":"https:\/\/secureus.se\/dk\/wp-json\/wp\/v2\/product_tag?post=116817"}],"curies":[{"name":"wp","href":"https:\/\/api.w.org\/{rel}","templated":true}]}}