{"id":116843,"date":"2024-11-05T16:58:24","date_gmt":"2024-11-05T15:58:24","guid":{"rendered":"https:\/\/secureus.se\/?post_type=product&#038;p=116843"},"modified":"2026-01-12T12:34:34","modified_gmt":"2026-01-12T11:34:34","slug":"skarmstativ-select-plus-2-skarmar-bordsfaste","status":"publish","type":"product","link":"https:\/\/secureus.se\/dk\/skarmstativ-select-plus-2-skarmar-bordsfaste\/","title":{"rendered":"Sk\u00e6rmstativ SELECT PLUS 2 sk\u00e6rme, bordmontering"},"content":{"rendered":"<p>Displaystativ med fleksible arme til 2 displays, bordmontering ved hj\u00e6lp af kabelhulsbeslag eller bordbeslag.<br \/>\nSk\u00e6rmens h\u00f8jde, h\u00e6ldning og position kan nemt og individuelt justeres for at lette ergonomisk arbejde.<br \/>\nKan drejes 90\u00b0 til brug i st\u00e5ende eller liggende position<br \/>\nMulig placering af armene i den \u00f8nskede position takket v\u00e6re individuel justering af fjederen.<br \/>\nUniversal VESA-beslag (75 x 75 mm eller 100 x 100 mm)<br \/>\nTil standardsk\u00e6rme op til 32&quot; og maks. 8 kg pr. sk\u00e6rm.<br \/>\nKabelstyring: Monitorens kabel f\u00f8res langs stativet via interne kabelkanaler og 2 klemmer, som beskytter mod kabelbrud.<\/p>","protected":false},"excerpt":{"rendered":"<p>Sk\u00e6rmstativ SELECT PLUS med bev\u00e6gelig arm til 2 sk\u00e6rme, bordbeslag<\/p>","protected":false},"featured_media":136103,"template":"","meta":{"_acf_changed":false},"product_brand":[],"product_cat":[4243],"product_tag":[4382],"class_list":{"0":"post-116843","1":"product","2":"type-product","3":"status-publish","4":"has-post-thumbnail","6":"product_cat-skarmhallare","7":"product_tag-silver","8":"product_shipping_class-tunga-paket","9":"pa_brands-durable","10":"pa_farg-silver","11":"tm-no-options","13":"first","14":"instock","15":"sale","16":"taxable","17":"shipping-taxable","18":"purchasable","19":"product-type-simple"},"acf":[],"_links":{"self":[{"href":"https:\/\/secureus.se\/dk\/wp-json\/wp\/v2\/product\/116843","targetHints":{"allow":["GET"]}}],"collection":[{"href":"https:\/\/secureus.se\/dk\/wp-json\/wp\/v2\/product"}],"about":[{"href":"https:\/\/secureus.se\/dk\/wp-json\/wp\/v2\/types\/product"}],"wp:featuredmedia":[{"embeddable":true,"href":"https:\/\/secureus.se\/dk\/wp-json\/wp\/v2\/media\/136103"}],"wp:attachment":[{"href":"https:\/\/secureus.se\/dk\/wp-json\/wp\/v2\/media?parent=116843"}],"wp:term":[{"taxonomy":"product_brand","embeddable":true,"href":"https:\/\/secureus.se\/dk\/wp-json\/wp\/v2\/product_brand?post=116843"},{"taxonomy":"product_cat","embeddable":true,"href":"https:\/\/secureus.se\/dk\/wp-json\/wp\/v2\/product_cat?post=116843"},{"taxonomy":"product_tag","embeddable":true,"href":"https:\/\/secureus.se\/dk\/wp-json\/wp\/v2\/product_tag?post=116843"}],"curies":[{"name":"wp","href":"https:\/\/api.w.org\/{rel}","templated":true}]}}