{"id":116880,"date":"2024-11-05T17:23:28","date_gmt":"2024-11-05T16:23:28","guid":{"rendered":"https:\/\/secureus.se\/?post_type=product&#038;p=116880"},"modified":"2026-01-12T12:49:49","modified_gmt":"2026-01-12T11:49:49","slug":"sjalvhaftande-ficka-pocketfix-101x61-100-st","status":"publish","type":"product","link":"https:\/\/secureus.se\/dk\/sjalvhaftande-ficka-pocketfix-101x61-100-st\/","title":{"rendered":"Selvkl\u00e6bende lomme POCKETFIX\u00ae 101\u00d761 100 stk"},"content":{"rendered":"<p>Etiketbindere, mapper, \u00e6sker osv. med labels, der s\u00e6ttes i en selvkl\u00e6bende POCKETFIX\u00ae lomme. Den gennemsigtige lomme er lavet af polypropylenplast. Denne lomme har en \u00e5bning langs den ene langside. Leveres uden m\u00e6rker. Indvendige m\u00e5l: 101\u00d761. Yderm\u00e5l: 105\u00d765 mm (BxH). Pakke med 100 lommer.<\/p>","protected":false},"excerpt":{"rendered":"<p>Selvkl\u00e6bende lomme med \u00e5bning p\u00e5 den ene langside. Til etiketter i format 101\u00d761.<\/p>","protected":false},"featured_media":135344,"template":"","meta":{"_acf_changed":false},"product_brand":[],"product_cat":[4252],"product_tag":[4376],"class_list":{"0":"post-116880","1":"product","2":"type-product","3":"status-publish","4":"has-post-thumbnail","6":"product_cat-sjalvhaftande-fickor","7":"product_tag-transparent","8":"product_shipping_class-tunga-paket","9":"pa_brands-durable","10":"pa_farg-transparent","11":"tm-no-options","13":"first","14":"instock","15":"sale","16":"taxable","17":"shipping-taxable","18":"purchasable","19":"product-type-simple"},"acf":[],"_links":{"self":[{"href":"https:\/\/secureus.se\/dk\/wp-json\/wp\/v2\/product\/116880","targetHints":{"allow":["GET"]}}],"collection":[{"href":"https:\/\/secureus.se\/dk\/wp-json\/wp\/v2\/product"}],"about":[{"href":"https:\/\/secureus.se\/dk\/wp-json\/wp\/v2\/types\/product"}],"wp:featuredmedia":[{"embeddable":true,"href":"https:\/\/secureus.se\/dk\/wp-json\/wp\/v2\/media\/135344"}],"wp:attachment":[{"href":"https:\/\/secureus.se\/dk\/wp-json\/wp\/v2\/media?parent=116880"}],"wp:term":[{"taxonomy":"product_brand","embeddable":true,"href":"https:\/\/secureus.se\/dk\/wp-json\/wp\/v2\/product_brand?post=116880"},{"taxonomy":"product_cat","embeddable":true,"href":"https:\/\/secureus.se\/dk\/wp-json\/wp\/v2\/product_cat?post=116880"},{"taxonomy":"product_tag","embeddable":true,"href":"https:\/\/secureus.se\/dk\/wp-json\/wp\/v2\/product_tag?post=116880"}],"curies":[{"name":"wp","href":"https:\/\/api.w.org\/{rel}","templated":true}]}}