{"id":116888,"date":"2024-11-05T16:56:54","date_gmt":"2024-11-05T15:56:54","guid":{"rendered":"https:\/\/secureus.se\/?post_type=product&#038;p=116888"},"modified":"2026-01-12T12:56:30","modified_gmt":"2026-01-12T11:56:30","slug":"markeringstejp-duraline-basic-50-016-6","status":"publish","type":"product","link":"https:\/\/secureus.se\/dk\/markeringstejp-duraline-basic-50-016-6\/","title":{"rendered":"M\u00e6rkeb\u00e5nd DURALINE\u00ae BASIC 50\/016"},"content":{"rendered":"<p>Selvkl\u00e6bende gul\/sort advarselstape, der kan formes til uj\u00e6vne overflader eller rundt om kanter og hj\u00f8rner. Tapens gummikl\u00e6ber g\u00f8r den, udover at v\u00e6re formbar, ogs\u00e5 nem at fjerne uden at efterlade kl\u00e6bemiddelrester, hvilket g\u00f8r den perfekt til at g\u00f8re opm\u00e6rksom p\u00e5 midlertidige s\u00e5vel som mere permanente farer og risici. Til indend\u00f8rs brug p\u00e5 rene, olie- og st\u00f8vfrie overflader. S\u00f8rg for, at gulve, s\u00f8jler, r\u00e6kv\u00e6rk, d\u00f8r\u00e5bninger osv., som kan udg\u00f8re en risiko, er tydeligt markeret og bem\u00e6rket af dem omkring dem. Tapen er glat og har ikke en skridsikkerhedsklasse. Monteringsvejledning medf\u00f8lger. Bredde: 50 mm Tykkelse: 0,16 mm L\u00e6ngde: 33 m<\/p>","protected":false},"excerpt":{"rendered":"<p>Advarselstape til at markere, farvekode og g\u00f8re opm\u00e6rksom p\u00e5 for eksempel farer og risici indend\u00f8rs<\/p>","protected":false},"featured_media":135655,"template":"","meta":{"_acf_changed":false},"product_brand":[],"product_cat":[4303],"product_tag":[4386],"class_list":{"0":"post-116888","1":"product","2":"type-product","3":"status-publish","4":"has-post-thumbnail","6":"product_cat-golvtejp","7":"product_tag-gul-svart","8":"product_shipping_class-tunga-paket","9":"pa_brands-durable","10":"pa_farg-gul-svart","11":"tm-no-options","13":"first","14":"instock","15":"sale","16":"taxable","17":"shipping-taxable","18":"purchasable","19":"product-type-simple"},"acf":[],"_links":{"self":[{"href":"https:\/\/secureus.se\/dk\/wp-json\/wp\/v2\/product\/116888","targetHints":{"allow":["GET"]}}],"collection":[{"href":"https:\/\/secureus.se\/dk\/wp-json\/wp\/v2\/product"}],"about":[{"href":"https:\/\/secureus.se\/dk\/wp-json\/wp\/v2\/types\/product"}],"wp:featuredmedia":[{"embeddable":true,"href":"https:\/\/secureus.se\/dk\/wp-json\/wp\/v2\/media\/135655"}],"wp:attachment":[{"href":"https:\/\/secureus.se\/dk\/wp-json\/wp\/v2\/media?parent=116888"}],"wp:term":[{"taxonomy":"product_brand","embeddable":true,"href":"https:\/\/secureus.se\/dk\/wp-json\/wp\/v2\/product_brand?post=116888"},{"taxonomy":"product_cat","embeddable":true,"href":"https:\/\/secureus.se\/dk\/wp-json\/wp\/v2\/product_cat?post=116888"},{"taxonomy":"product_tag","embeddable":true,"href":"https:\/\/secureus.se\/dk\/wp-json\/wp\/v2\/product_tag?post=116888"}],"curies":[{"name":"wp","href":"https:\/\/api.w.org\/{rel}","templated":true}]}}