{"id":116928,"date":"2024-11-05T16:46:42","date_gmt":"2024-11-05T15:46:42","guid":{"rendered":"https:\/\/secureus.se\/?post_type=product&#038;p=116928"},"modified":"2026-01-12T12:56:13","modified_gmt":"2026-01-12T11:56:13","slug":"surfplattehallare-tough-clamp","status":"publish","type":"product","link":"https:\/\/secureus.se\/dk\/surfplattehallare-tough-clamp\/","title":{"rendered":"Surfbr\u00e6tholder TOUGH CLAMP"},"content":{"rendered":"<p>Surfbr\u00e6tholder, der kan monteres p\u00e5 hylder (max. 40 mm) eller r\u00f8r og st\u00e6nger (\u00d8 15-40 mm), f.eks. p\u00e5 h\u00e5ndtaget p\u00e5 en reng\u00f8rings- eller opbevaringsvogn. Passer til tablets med eller uden etui i st\u00f8rrelse 7\u2033-13\u2033 (160-275 mm) med en tykkelse p\u00e5 maks. 23 mm. Til vejledninger, arbejdsplaner og andet til industri, produktionsanl\u00e6g, reng\u00f8ringsvirksomheder mm. Holderen, med gummibelagte overflader, der beskytter tabletten mod ridser og skader, kan drejes 360\u00b0.<br \/>\nMaksimal v\u00e6gt for tabletten 1 kg.<br \/>\nDimensioner: 130 x 177 x 82 mm (B x H x D)<\/p>","protected":false},"excerpt":{"rendered":"<p>Surfbr\u00e6tholder med beslag til hylde eller bar. Passer til tablets 7-13&quot; med eller uden beskyttelsescover. Med b\u00f8jelig svanehals og kugleled.<\/p>","protected":false},"featured_media":135807,"template":"","meta":{"_acf_changed":false},"product_brand":[],"product_cat":[4236],"product_tag":[4381],"class_list":{"0":"post-116928","1":"product","2":"type-product","3":"status-publish","4":"has-post-thumbnail","6":"product_cat-surfplattehallare","7":"product_tag-svart","8":"product_shipping_class-tunga-paket","9":"pa_brands-durable","10":"pa_farg-svart","11":"tm-no-options","13":"first","14":"instock","15":"sale","16":"taxable","17":"shipping-taxable","18":"purchasable","19":"product-type-simple"},"acf":[],"_links":{"self":[{"href":"https:\/\/secureus.se\/dk\/wp-json\/wp\/v2\/product\/116928","targetHints":{"allow":["GET"]}}],"collection":[{"href":"https:\/\/secureus.se\/dk\/wp-json\/wp\/v2\/product"}],"about":[{"href":"https:\/\/secureus.se\/dk\/wp-json\/wp\/v2\/types\/product"}],"wp:featuredmedia":[{"embeddable":true,"href":"https:\/\/secureus.se\/dk\/wp-json\/wp\/v2\/media\/135807"}],"wp:attachment":[{"href":"https:\/\/secureus.se\/dk\/wp-json\/wp\/v2\/media?parent=116928"}],"wp:term":[{"taxonomy":"product_brand","embeddable":true,"href":"https:\/\/secureus.se\/dk\/wp-json\/wp\/v2\/product_brand?post=116928"},{"taxonomy":"product_cat","embeddable":true,"href":"https:\/\/secureus.se\/dk\/wp-json\/wp\/v2\/product_cat?post=116928"},{"taxonomy":"product_tag","embeddable":true,"href":"https:\/\/secureus.se\/dk\/wp-json\/wp\/v2\/product_tag?post=116928"}],"curies":[{"name":"wp","href":"https:\/\/api.w.org\/{rel}","templated":true}]}}