{"id":117054,"date":"2024-11-05T16:53:25","date_gmt":"2024-11-05T15:53:25","guid":{"rendered":"https:\/\/secureus.se\/?post_type=product&#038;p=117054"},"modified":"2026-01-12T12:01:38","modified_gmt":"2026-01-12T11:01:38","slug":"plastficka-magnetisk-hard-cover-a5-l","status":"publish","type":"product","link":"https:\/\/secureus.se\/dk\/plastficka-magnetisk-hard-cover-a5-l\/","title":{"rendered":"Plastlomme magnetisk H\u00c5RDT COVER A5 L"},"content":{"rendered":"<p>Tydelig og omfattende m\u00e6rkning af hylder, skabe, d\u00f8re, containere og andre rum forbedrer og effektiviserer arbejdsprocessen p\u00e5 lagre og i produktionsfaciliteter. De gennemsigtige, magnetiske plastlommer af stift PET-plast kan afl\u00e6ses med en scanner. Etiketterne er nemme at skifte, fordi lommerne er \u00e5bne foroven og p\u00e5 begge sider og desuden har affasede hj\u00f8rner for nem adgang til indsatsen. To magnetstrimler p\u00e5 bagsiden holder lommen sikkert p\u00e5 plads. Hver etiketholder er d\u00e6kket af en gennemsigtig plastfilm, der beskytter mod ridser under transport og opbevaring. Beskyttelsesfilmen fjernes nemt, n\u00e5r produktet skal bruges. En gratis skabelon til etiketten er tilg\u00e6ngelig p\u00e5 www.duraprint.se.<br \/>\nIndvendige m\u00e5l: A5L (210\u00d7148 mm B x H)<br \/>\nYdre m\u00e5l: 213 x 153 mm (B x H)<br \/>\nTilbeh\u00f8r: Etiketter p\u00e5 A4-ark, art. nr. 485502<\/p>","protected":false},"excerpt":{"rendered":"<p>Plastlomme i PET-plast i A5 liggende format med to magnetstrimler p\u00e5 bagsiden. Til brug p\u00e5 metaloverflader som opbevaringshylder og metalbeholdere.<\/p>","protected":false},"featured_media":136139,"template":"","meta":{"_acf_changed":false},"product_brand":[],"product_cat":[4306],"product_tag":[4376],"class_list":{"0":"post-117054","1":"product","2":"type-product","3":"status-publish","4":"has-post-thumbnail","6":"product_cat-markning-pallstall","7":"product_tag-transparent","8":"product_shipping_class-tunga-paket","9":"pa_brands-durable","10":"pa_farg-transparent","11":"tm-no-options","13":"first","14":"instock","15":"sale","16":"taxable","17":"shipping-taxable","18":"purchasable","19":"product-type-simple"},"acf":[],"_links":{"self":[{"href":"https:\/\/secureus.se\/dk\/wp-json\/wp\/v2\/product\/117054","targetHints":{"allow":["GET"]}}],"collection":[{"href":"https:\/\/secureus.se\/dk\/wp-json\/wp\/v2\/product"}],"about":[{"href":"https:\/\/secureus.se\/dk\/wp-json\/wp\/v2\/types\/product"}],"wp:featuredmedia":[{"embeddable":true,"href":"https:\/\/secureus.se\/dk\/wp-json\/wp\/v2\/media\/136139"}],"wp:attachment":[{"href":"https:\/\/secureus.se\/dk\/wp-json\/wp\/v2\/media?parent=117054"}],"wp:term":[{"taxonomy":"product_brand","embeddable":true,"href":"https:\/\/secureus.se\/dk\/wp-json\/wp\/v2\/product_brand?post=117054"},{"taxonomy":"product_cat","embeddable":true,"href":"https:\/\/secureus.se\/dk\/wp-json\/wp\/v2\/product_cat?post=117054"},{"taxonomy":"product_tag","embeddable":true,"href":"https:\/\/secureus.se\/dk\/wp-json\/wp\/v2\/product_tag?post=117054"}],"curies":[{"name":"wp","href":"https:\/\/api.w.org\/{rel}","templated":true}]}}