{"id":117096,"date":"2024-11-05T17:04:12","date_gmt":"2024-11-05T16:04:12","guid":{"rendered":"https:\/\/secureus.se\/?post_type=product&#038;p=117096"},"modified":"2026-01-12T12:36:32","modified_gmt":"2026-01-12T11:36:32","slug":"bladderpanelsystem-vario-table-10-3","status":"publish","type":"product","link":"https:\/\/secureus.se\/dk\/bladderpanelsystem-vario-table-10-3\/","title":{"rendered":"Flippanelsystem VARIO\u00ae TABEL 10"},"content":{"rendered":"<p>Informations- og pr\u00e6sentationsstande, der har mange forskellige navne; panel, display, oversigtssystem, vingeregister, PLU holder, dokumentholder, lathund.... Uanset navnet har den mange anvendelsesmuligheder i kontorer, butikker, k\u00f8kkener, kasser, udstillinger mv. Information, der bruges hyppigt, gemmes i oversigtssystemet, er overskuelig og let at finde. VARIO\u00ae TABLE 10 er et komplet bordstativ med 10 ikke-reflekterende, scanbare plastlommer (hvide) lavet af polypropylen til dokumenter i A4-format. Aftagelig 58 mm hovedholder medf\u00f8lger. Ved ind- og udtagning af lommerne er det godt at b\u00f8je lommen lidt forsigtigt p\u00e5 midten langs den indvendige langside, s\u00e5 det er nemt at ind- og udtage lommen uden at beskadige piggene i holderen. Gummif\u00f8dder f\u00e5r den til at st\u00e5 fast. 5 \u00e5rs garanti. Garantibetingelserne kan findes her: https:\/\/www.durable.se\/sv_SE\/service\/garanti\/garanti-foer-sherpa-vario\/<\/p>","protected":false},"excerpt":{"rendered":"<p>Komplet bordstativ i metal med 10 opklapbare A4-paneler. Ofte brugt information er hurtigt og overskueligt ved h\u00e5nden. <\/p>","protected":false},"featured_media":136882,"template":"","meta":{"_acf_changed":false},"product_brand":[],"product_cat":[4298],"product_tag":[4396],"class_list":{"0":"post-117096","1":"product","2":"type-product","3":"status-publish","4":"has-post-thumbnail","6":"product_cat-bladderstall-bord","7":"product_tag-vit","8":"product_shipping_class-tunga-paket","9":"pa_brands-durable","10":"pa_farg-vit","11":"tm-no-options","13":"first","14":"instock","15":"sale","16":"taxable","17":"shipping-taxable","18":"purchasable","19":"product-type-simple"},"acf":[],"_links":{"self":[{"href":"https:\/\/secureus.se\/dk\/wp-json\/wp\/v2\/product\/117096","targetHints":{"allow":["GET"]}}],"collection":[{"href":"https:\/\/secureus.se\/dk\/wp-json\/wp\/v2\/product"}],"about":[{"href":"https:\/\/secureus.se\/dk\/wp-json\/wp\/v2\/types\/product"}],"wp:featuredmedia":[{"embeddable":true,"href":"https:\/\/secureus.se\/dk\/wp-json\/wp\/v2\/media\/136882"}],"wp:attachment":[{"href":"https:\/\/secureus.se\/dk\/wp-json\/wp\/v2\/media?parent=117096"}],"wp:term":[{"taxonomy":"product_brand","embeddable":true,"href":"https:\/\/secureus.se\/dk\/wp-json\/wp\/v2\/product_brand?post=117096"},{"taxonomy":"product_cat","embeddable":true,"href":"https:\/\/secureus.se\/dk\/wp-json\/wp\/v2\/product_cat?post=117096"},{"taxonomy":"product_tag","embeddable":true,"href":"https:\/\/secureus.se\/dk\/wp-json\/wp\/v2\/product_tag?post=117096"}],"curies":[{"name":"wp","href":"https:\/\/api.w.org\/{rel}","templated":true}]}}