{"id":117141,"date":"2024-11-05T16:51:16","date_gmt":"2024-11-05T15:51:16","guid":{"rendered":"https:\/\/secureus.se\/?post_type=product&#038;p=117141"},"modified":"2026-03-11T14:45:08","modified_gmt":"2026-03-11T13:45:08","slug":"surfplattehallare-twist-floor","status":"publish","type":"product","link":"https:\/\/secureus.se\/dk\/surfplattehallare-twist-floor\/","title":{"rendered":"Surfbr\u00e6tholder TWIST FLOOR"},"content":{"rendered":"<p>TWIST FLOOR er en gulvstander med holder til tablet eller mobiltelefon til filmvisning og informationsdeling i offentlige milj\u00f8er, p\u00e5 messer, udstillinger, hoteller og restauranter. TWIST-serien har en holder med skridsikre puder, der holder enheden p\u00e5 plads og beskytter mod ridser. Holderens greb passer til tablets eller mobiltelefoner som iPhone, iPad og Samsung fra 4,7\u2033 op til 13\u2033 med en maksimal v\u00e6gt p\u00e5 800 g og er fastgjort til et kugleled, der kan drejes 360\u00b0. Der er ogs\u00e5 en \u00e5bning til opladningskablet. TWIST FLOOR har en teleskopisk trebenet gulvstander, der har et stort sp\u00e6ndvidde til at justere h\u00f8jden mellem 1,12 og 1,69 m. N\u00e5r den er foldet sammen, er standeren 70 cm, og den medf\u00f8lgende taske g\u00f8r den nem at tage med sig. Kraftig svanehals med trinl\u00f8s justering af h\u00f8jde og l\u00e6sevinkel, der stopper i den \u00f8nskede position. Fremstillet af 40% genbrugsmateriale og er 100 % genanvendeligt ved udgangen af produktets levetid.<\/p>","protected":false},"excerpt":{"rendered":"<p>Holder til tablet eller mobil 4,7-13\u2033. Gulvstativ med b\u00f8jelig svanehals og kugleled.<\/p>","protected":false},"featured_media":135731,"template":"","meta":{"_acf_changed":false},"product_brand":[],"product_cat":[4236],"product_tag":[4381],"class_list":{"0":"post-117141","1":"product","2":"type-product","3":"status-publish","4":"has-post-thumbnail","6":"product_cat-surfplattehallare","7":"product_tag-svart","8":"product_shipping_class-tunga-paket","9":"pa_brands-durable","10":"pa_farg-svart","11":"tm-no-options","13":"first","14":"instock","15":"sale","16":"taxable","17":"shipping-taxable","18":"purchasable","19":"product-type-simple"},"acf":[],"_links":{"self":[{"href":"https:\/\/secureus.se\/dk\/wp-json\/wp\/v2\/product\/117141","targetHints":{"allow":["GET"]}}],"collection":[{"href":"https:\/\/secureus.se\/dk\/wp-json\/wp\/v2\/product"}],"about":[{"href":"https:\/\/secureus.se\/dk\/wp-json\/wp\/v2\/types\/product"}],"wp:featuredmedia":[{"embeddable":true,"href":"https:\/\/secureus.se\/dk\/wp-json\/wp\/v2\/media\/135731"}],"wp:attachment":[{"href":"https:\/\/secureus.se\/dk\/wp-json\/wp\/v2\/media?parent=117141"}],"wp:term":[{"taxonomy":"product_brand","embeddable":true,"href":"https:\/\/secureus.se\/dk\/wp-json\/wp\/v2\/product_brand?post=117141"},{"taxonomy":"product_cat","embeddable":true,"href":"https:\/\/secureus.se\/dk\/wp-json\/wp\/v2\/product_cat?post=117141"},{"taxonomy":"product_tag","embeddable":true,"href":"https:\/\/secureus.se\/dk\/wp-json\/wp\/v2\/product_tag?post=117141"}],"curies":[{"name":"wp","href":"https:\/\/api.w.org\/{rel}","templated":true}]}}