{"id":117142,"date":"2024-11-05T17:02:42","date_gmt":"2024-11-05T16:02:42","guid":{"rendered":"https:\/\/secureus.se\/?post_type=product&#038;p=117142"},"modified":"2026-01-12T12:04:37","modified_gmt":"2026-01-12T11:04:37","slug":"varseldekal-anvand-skyddsskor","status":"publish","type":"product","link":"https:\/\/secureus.se\/dk\/varseldekal-anvand-skyddsskor\/","title":{"rendered":"Advarselsm\u00e6rkat &quot;Brug sikkerhedssko&quot;"},"content":{"rendered":"<p>Selvkl\u00e6bende stort gulvklisterm\u00e6rke &quot;Brug sikkerhedssko&quot; informerer tydeligt bes\u00f8gende og personale om at f\u00f8lge anbefalingerne for at reducere risikoen for skader. Fastg\u00f8res til rene og t\u00f8rre betongulve. Slidst\u00e6rkt og holdbart med skridsikre rating R9 i henhold til DIN 51130. Skiltene opfylder kravene i ISO 7010.<br \/>\nM\u00e5l: \u00d8 430 mm, tykkelse 0,4 mm<\/p>","protected":false},"excerpt":{"rendered":"<p>Selvkl\u00e6bende obligatorisk skilt til gulvp\u00e5f\u00f8ring. Oplyser tydeligt om brug af sikkerhedssko og bidrager til \u00f8get sikkerhed og risikobevidsthed.<\/p>","protected":false},"featured_media":135730,"template":"","meta":{"_acf_changed":false},"product_brand":[],"product_cat":[4307],"product_tag":[4387],"class_list":{"0":"post-117142","1":"product","2":"type-product","3":"status-publish","4":"has-post-thumbnail","6":"product_cat-sakerhetsmarkning","7":"product_tag-bla","8":"product_shipping_class-tunga-paket","9":"pa_brands-durable","10":"pa_farg-bla","11":"tm-no-options","13":"first","14":"instock","15":"sale","16":"taxable","17":"shipping-taxable","18":"purchasable","19":"product-type-simple"},"acf":[],"_links":{"self":[{"href":"https:\/\/secureus.se\/dk\/wp-json\/wp\/v2\/product\/117142","targetHints":{"allow":["GET"]}}],"collection":[{"href":"https:\/\/secureus.se\/dk\/wp-json\/wp\/v2\/product"}],"about":[{"href":"https:\/\/secureus.se\/dk\/wp-json\/wp\/v2\/types\/product"}],"wp:featuredmedia":[{"embeddable":true,"href":"https:\/\/secureus.se\/dk\/wp-json\/wp\/v2\/media\/135730"}],"wp:attachment":[{"href":"https:\/\/secureus.se\/dk\/wp-json\/wp\/v2\/media?parent=117142"}],"wp:term":[{"taxonomy":"product_brand","embeddable":true,"href":"https:\/\/secureus.se\/dk\/wp-json\/wp\/v2\/product_brand?post=117142"},{"taxonomy":"product_cat","embeddable":true,"href":"https:\/\/secureus.se\/dk\/wp-json\/wp\/v2\/product_cat?post=117142"},{"taxonomy":"product_tag","embeddable":true,"href":"https:\/\/secureus.se\/dk\/wp-json\/wp\/v2\/product_tag?post=117142"}],"curies":[{"name":"wp","href":"https:\/\/api.w.org\/{rel}","templated":true}]}}