{"id":117169,"date":"2024-11-05T16:50:30","date_gmt":"2024-11-05T15:50:30","guid":{"rendered":"https:\/\/secureus.se\/?post_type=product&#038;p=117169"},"modified":"2026-01-12T12:23:38","modified_gmt":"2026-01-12T11:23:38","slug":"sjalvhaftande-magnettejp-5-m","status":"publish","type":"product","link":"https:\/\/secureus.se\/dk\/sjalvhaftande-magnettejp-5-m\/","title":{"rendered":"Selvkl\u00e6bende magnetb\u00e5nd 5 m"},"content":{"rendered":"<p>Ved at kl\u00e6be denne selvkl\u00e6bende metalstrimmel kan magneter bruges p\u00e5 ikke-magnetiske overflader. Kan klippes til i \u00f8nsket l\u00e6ngde med en almindelig saks af god kvalitet. Rullen indeholder 5 m metaltape, der er 35 mm bred. Den selvkl\u00e6bende side kl\u00e6ber til rene og glatte overflader. <\/p>","protected":false},"excerpt":{"rendered":"<p>Selvkl\u00e6bende metaltape i en rulle p\u00e5 5m. Klip til den \u00f8nskede l\u00e6ngde.<\/p>","protected":false},"featured_media":135940,"template":"","meta":{"_acf_changed":false},"product_brand":[],"product_cat":[4269],"product_tag":[4396],"class_list":{"0":"post-117169","1":"product","2":"type-product","3":"status-publish","4":"has-post-thumbnail","6":"product_cat-magnetisk-fastsattning","7":"product_tag-vit","8":"product_shipping_class-tunga-paket","9":"pa_brands-durable","10":"pa_farg-vit","11":"tm-no-options","13":"first","14":"instock","15":"sale","16":"taxable","17":"shipping-taxable","18":"purchasable","19":"product-type-simple"},"acf":[],"_links":{"self":[{"href":"https:\/\/secureus.se\/dk\/wp-json\/wp\/v2\/product\/117169","targetHints":{"allow":["GET"]}}],"collection":[{"href":"https:\/\/secureus.se\/dk\/wp-json\/wp\/v2\/product"}],"about":[{"href":"https:\/\/secureus.se\/dk\/wp-json\/wp\/v2\/types\/product"}],"wp:featuredmedia":[{"embeddable":true,"href":"https:\/\/secureus.se\/dk\/wp-json\/wp\/v2\/media\/135940"}],"wp:attachment":[{"href":"https:\/\/secureus.se\/dk\/wp-json\/wp\/v2\/media?parent=117169"}],"wp:term":[{"taxonomy":"product_brand","embeddable":true,"href":"https:\/\/secureus.se\/dk\/wp-json\/wp\/v2\/product_brand?post=117169"},{"taxonomy":"product_cat","embeddable":true,"href":"https:\/\/secureus.se\/dk\/wp-json\/wp\/v2\/product_cat?post=117169"},{"taxonomy":"product_tag","embeddable":true,"href":"https:\/\/secureus.se\/dk\/wp-json\/wp\/v2\/product_tag?post=117169"}],"curies":[{"name":"wp","href":"https:\/\/api.w.org\/{rel}","templated":true}]}}