{"id":117182,"date":"2024-11-20T14:14:11","date_gmt":"2024-11-20T13:14:11","guid":{"rendered":"https:\/\/secureus.se\/?post_type=product&#038;p=117182"},"modified":"2026-01-12T12:48:59","modified_gmt":"2026-01-12T11:48:59","slug":"namnskylt-click-fold-54x90-med-magnet-fix-placehold","status":"publish","type":"product","link":"https:\/\/secureus.se\/dk\/namnskylt-click-fold-54x90-med-magnet-fix-placehold\/","title":{"rendered":"Navneskilt CLICK FOLD 54\u00d790 med magnetfiksering (place&amp;hold)"},"content":{"rendered":"<p>Konferencedeltagere, bes\u00f8gende p\u00e5 virksomheder, personale p\u00e5 messer, i butikker, servicefag og s\u00e6lgere - listen kan udvides, hvor der er behov for navneskilte i forskellige st\u00f8rrelser, udformninger og fastg\u00f8relsesmuligheder. Clic Fold serien er lavet af 70% genanvendt polypropylen plast, foldbar med en &quot;snap lock&quot; for nem udskiftning af etiketten, som alligevel altid sidder sikkert. Dette 40x75 mm navneskilt har en tekstilvenlig magnetisk vedh\u00e6ftning, der fungerer godt p\u00e5 sart t\u00f8j. Den magnetiske fastg\u00f8relse er fastgjort, s\u00e5 navnepladen bliver i den \u00f8nskede position og ikke drejer i nogen retning. OPM\u00c6RKSOMHED! Ikke egnet til personer med pacemaker. Der medf\u00f8lger hvide etiketter i en strimmel. Etiketter p\u00e5 A4-ark til print i printere kan bestilles separat. Brug det gratis program DURAPRINT\u00ae, der er tilg\u00e6ngeligt p\u00e5 www.duraprint.se, til at skabe og udskrive stilfulde navnelabels.<br \/>\nTilbeh\u00f8r:<br \/>\nBadgemaker\u00ae-etiketter p\u00e5 A4-ark til udskrivning i printer, varenr<\/p>","protected":false},"excerpt":{"rendered":"<p>Let konveks navneskilt 54\u00d790 med &quot;snapl\u00e5s&quot;, s\u00e5 etiketten ikke kan falde ud. Fast magnetisk beslag, der holder navneskiltet i den \u00f8nskede position. 10 stk\/kasse<\/p>","protected":false},"featured_media":133913,"template":"","meta":{"_acf_changed":false},"product_brand":[],"product_cat":[4286],"product_tag":[4376],"class_list":{"0":"post-117182","1":"product","2":"type-product","3":"status-publish","4":"has-post-thumbnail","6":"product_cat-namnskyltar-med-magnet","7":"product_tag-transparent","8":"product_shipping_class-tunga-paket","9":"pa_brands-durable","10":"pa_farg-transparent","11":"tm-no-options","13":"first","14":"instock","15":"sale","16":"taxable","17":"shipping-taxable","18":"purchasable","19":"product-type-simple"},"acf":[],"_links":{"self":[{"href":"https:\/\/secureus.se\/dk\/wp-json\/wp\/v2\/product\/117182","targetHints":{"allow":["GET"]}}],"collection":[{"href":"https:\/\/secureus.se\/dk\/wp-json\/wp\/v2\/product"}],"about":[{"href":"https:\/\/secureus.se\/dk\/wp-json\/wp\/v2\/types\/product"}],"wp:featuredmedia":[{"embeddable":true,"href":"https:\/\/secureus.se\/dk\/wp-json\/wp\/v2\/media\/133913"}],"wp:attachment":[{"href":"https:\/\/secureus.se\/dk\/wp-json\/wp\/v2\/media?parent=117182"}],"wp:term":[{"taxonomy":"product_brand","embeddable":true,"href":"https:\/\/secureus.se\/dk\/wp-json\/wp\/v2\/product_brand?post=117182"},{"taxonomy":"product_cat","embeddable":true,"href":"https:\/\/secureus.se\/dk\/wp-json\/wp\/v2\/product_cat?post=117182"},{"taxonomy":"product_tag","embeddable":true,"href":"https:\/\/secureus.se\/dk\/wp-json\/wp\/v2\/product_tag?post=117182"}],"curies":[{"name":"wp","href":"https:\/\/api.w.org\/{rel}","templated":true}]}}