{"id":117194,"date":"2024-11-05T17:02:06","date_gmt":"2024-11-05T16:02:06","guid":{"rendered":"https:\/\/secureus.se\/?post_type=product&#038;p=117194"},"modified":"2026-01-12T12:04:16","modified_gmt":"2026-01-12T11:04:16","slug":"varseldekal-rokning-forbjudet","status":"publish","type":"product","link":"https:\/\/secureus.se\/dk\/varseldekal-rokning-forbjudet\/","title":{"rendered":"Advarselsm\u00e6rkat &quot;Rygning forbudt&quot;"},"content":{"rendered":"<p>Selvkl\u00e6bende stort gulvm\u00e6rkat &quot;Rygning forbudt&quot; informerer tydeligt bes\u00f8gende og personale om det nuv\u00e6rende rygeforbud og skaber et mere sikkert arbejdsmilj\u00f8 og reduceret risiko for ulykker. Fastg\u00f8res til rene og t\u00f8rre betongulve. Slidst\u00e6rkt og holdbart med skridsikre rating R9 i henhold til DIN 51130. Skiltene opfylder kravene i ISO 7010.<br \/>\nM\u00e5l: \u00d8 430 mm, tykkelse 0,4 mm<\/p>","protected":false},"excerpt":{"rendered":"<p>Selvkl\u00e6bende forbudsskilt til gulvp\u00e5f\u00f8ring. Oplyser tydeligt om det nuv\u00e6rende rygeforbud og bidrager til \u00f8get sikkerhed og risikobevidsthed.<\/p>","protected":false},"featured_media":135758,"template":"","meta":{"_acf_changed":false},"product_brand":[],"product_cat":[4307],"product_tag":[4389],"class_list":{"0":"post-117194","1":"product","2":"type-product","3":"status-publish","4":"has-post-thumbnail","6":"product_cat-sakerhetsmarkning","7":"product_tag-rod","8":"product_shipping_class-tunga-paket","9":"pa_brands-durable","10":"pa_farg-rod","11":"tm-no-options","13":"first","14":"instock","15":"sale","16":"taxable","17":"shipping-taxable","18":"purchasable","19":"product-type-simple"},"acf":[],"_links":{"self":[{"href":"https:\/\/secureus.se\/dk\/wp-json\/wp\/v2\/product\/117194","targetHints":{"allow":["GET"]}}],"collection":[{"href":"https:\/\/secureus.se\/dk\/wp-json\/wp\/v2\/product"}],"about":[{"href":"https:\/\/secureus.se\/dk\/wp-json\/wp\/v2\/types\/product"}],"wp:featuredmedia":[{"embeddable":true,"href":"https:\/\/secureus.se\/dk\/wp-json\/wp\/v2\/media\/135758"}],"wp:attachment":[{"href":"https:\/\/secureus.se\/dk\/wp-json\/wp\/v2\/media?parent=117194"}],"wp:term":[{"taxonomy":"product_brand","embeddable":true,"href":"https:\/\/secureus.se\/dk\/wp-json\/wp\/v2\/product_brand?post=117194"},{"taxonomy":"product_cat","embeddable":true,"href":"https:\/\/secureus.se\/dk\/wp-json\/wp\/v2\/product_cat?post=117194"},{"taxonomy":"product_tag","embeddable":true,"href":"https:\/\/secureus.se\/dk\/wp-json\/wp\/v2\/product_tag?post=117194"}],"curies":[{"name":"wp","href":"https:\/\/api.w.org\/{rel}","templated":true}]}}