{"id":117228,"date":"2024-11-05T16:49:39","date_gmt":"2024-11-05T15:49:39","guid":{"rendered":"https:\/\/secureus.se\/?post_type=product&#038;p=117228"},"modified":"2026-01-12T12:33:10","modified_gmt":"2026-01-12T11:33:10","slug":"lada-till-skarmstall-effect","status":"publish","type":"product","link":"https:\/\/secureus.se\/dk\/lada-till-skarmstall-effect\/","title":{"rendered":"Skuffe til sk\u00e6rmstativ EFFEKT"},"content":{"rendered":"<p>Med et sk\u00e6rmstativ ender computersk\u00e6rmen i en god ergonomisk h\u00f8jde, samtidig med at der frig\u00f8res bordplads. Kombiner med en \u00e6ske til opbevaring af kuglepenne, dokumenter, kabler mm. EFFECT-serien, som denne \u00e6ske er en del af, er lavet i metal og har en bl\u00f8d, lydabsorberende og slidst\u00e6rk filtbundm\u00e5tte. T\u00e6ppet er lavet af PET-plast, hvoraf 60% er fra indsamlet og genanvendt PET-plast (rPET). Der er brugt materiale fra bunden af kassen til to glideskinner, som fastg\u00f8res til sk\u00e6rmstativet. Hullerne til disse skinner er d\u00e6kket af filtm\u00e5tten. Produkterne i serien er 100 % genanvendelige og er b\u00e6redygtigt pakket ind med ressourcebesparende og plastikfri materialer. Maksimal belastning 5 kg. Dimensioner: 46,8 x 5,3 x 22,1 cm (BxHxD)<br \/>\nTilbeh\u00f8r: Sk\u00e6rmstativ EFFECT, vare nr. 508158<\/p>","protected":false},"excerpt":{"rendered":"<p>Skuffe velegnet til EFECT-hylden til f.eks. kuglepenne og ladekabler. <\/p>","protected":false},"featured_media":136211,"template":"","meta":{"_acf_changed":false},"product_brand":[],"product_cat":[4243],"product_tag":[4381],"class_list":{"0":"post-117228","1":"product","2":"type-product","3":"status-publish","4":"has-post-thumbnail","6":"product_cat-skarmhallare","7":"product_tag-svart","8":"product_shipping_class-tunga-paket","9":"pa_brands-durable","10":"pa_farg-svart","11":"tm-no-options","13":"first","14":"instock","15":"sale","16":"taxable","17":"shipping-taxable","18":"purchasable","19":"product-type-simple"},"acf":[],"_links":{"self":[{"href":"https:\/\/secureus.se\/dk\/wp-json\/wp\/v2\/product\/117228","targetHints":{"allow":["GET"]}}],"collection":[{"href":"https:\/\/secureus.se\/dk\/wp-json\/wp\/v2\/product"}],"about":[{"href":"https:\/\/secureus.se\/dk\/wp-json\/wp\/v2\/types\/product"}],"wp:featuredmedia":[{"embeddable":true,"href":"https:\/\/secureus.se\/dk\/wp-json\/wp\/v2\/media\/136211"}],"wp:attachment":[{"href":"https:\/\/secureus.se\/dk\/wp-json\/wp\/v2\/media?parent=117228"}],"wp:term":[{"taxonomy":"product_brand","embeddable":true,"href":"https:\/\/secureus.se\/dk\/wp-json\/wp\/v2\/product_brand?post=117228"},{"taxonomy":"product_cat","embeddable":true,"href":"https:\/\/secureus.se\/dk\/wp-json\/wp\/v2\/product_cat?post=117228"},{"taxonomy":"product_tag","embeddable":true,"href":"https:\/\/secureus.se\/dk\/wp-json\/wp\/v2\/product_tag?post=117228"}],"curies":[{"name":"wp","href":"https:\/\/api.w.org\/{rel}","templated":true}]}}